{"id":25956,"date":"2023-04-28T15:03:34","date_gmt":"2023-04-28T11:03:34","guid":{"rendered":"https:\/\/himmel.az\/?post_type=product&#038;p=25956"},"modified":"2025-09-24T17:10:38","modified_gmt":"2025-09-24T13:10:38","slug":"sinusolmajoran","status":"publish","type":"product","link":"https:\/\/himmel.az\/en\/mehsul\/sinusolmajoran\/","title":{"rendered":"Sinusol\u00ae Majoran"},"content":{"rendered":"<p><strong>10 ild\u0259n art\u0131q Avropa bazar\u0131nda sat\u0131lan Sinusol<span style=\"font-size: 16px; letter-spacing: 0px;\">\u00ae<\/span>Majoran burun spreyi, uzun ill\u0259r labarator t\u0259dqiqatlardan ke\u00e7\u0259r\u0259k \u0259n y\u00fcks\u0259k s\u0259viyy\u0259d\u0259 m\u00fc\u015ft\u0259ril\u0259r\u0259 t\u0259qdim olunur.<\/strong><\/p>\n<p class=\"lte-header\"><span style=\"font-size: 16px; letter-spacing: 0px;\">Sinusol\u00aeMajoran burun spreyi Haymorit (qaymorit), Qrip, Soyuqd\u0259ym\u0259 v\u0259 G\u00fcnd\u0259lik gigiyena zaman\u0131 y\u00fcks\u0259k effekt\u0259 malikdir. <\/span>K\u0259skin haymorit (qaymorit) zaman\u0131 x\u0259st\u0259liyin m\u00fcalic\u0259sind\u0259 tam effektiv t\u0259sir g\u00f6st\u0259rir. Xroniki haymorit (qaymorit) zaman\u0131 is\u0259 a\u011fr\u0131lar\u0131 azald\u0131r, y\u0131\u011f\u0131lm\u0131\u015f \u00e7irki t\u0259mizl\u0259yir v\u0259 n\u0259f\u0259s alman\u0131 asanla\u015fd\u0131r\u0131r.<\/p>\n<div class=\"elementor-element elementor-element-26aeec8 lte-heading-style-header-subheader elementor-widget elementor-widget-lte-header\" data-id=\"26aeec8\" data-element_type=\"widget\" data-widget_type=\"lte-header.default\">\n<div class=\"elementor-widget-container\">\n<div class=\"lte-heading lte-style-header-subheader lte-color-black lte-subcolor-main heading-tag-h6 heading-subtag-h6\">\n<div class=\"lte-heading-content\">\n<h6 class=\"lte-header\"><strong>Haymorit (Qaymorit) \u0259lam\u0259tl\u0259ri:<\/strong><\/h6>\n<\/div>\n<\/div>\n<\/div>\n<\/div>\n<div class=\"elementor-element elementor-element-42a6b01 elementor-widget elementor-widget-text-editor\" data-id=\"42a6b01\" data-element_type=\"widget\" data-widget_type=\"text-editor.default\">\n<div class=\"elementor-widget-container\">\n<ul>\n<li>Burun v\u0259 burun \u0259traf\u0131 t\u0131xan\u0131ql\u0131q hissi<\/li>\n<li>G\u00f6z \u0259traf\u0131 v\u0259 al\u0131n hiss\u0259d\u0259 a\u011fr\u0131 v\u0259 t\u0259zyiq hissi<\/li>\n<li>Burun t\u0131xan\u0131ql\u0131\u011f\u0131 v\u0259 n\u0259f\u0259s alma problemi<\/li>\n<li>G\u00f6z sulanmas\u0131 v\u0259 g\u00f6z \u0259traf\u0131 a\u011fr\u0131 hissi<\/li>\n<li>Burundan \u00e7irkin axmas\u0131<\/li>\n<\/ul>\n<div class=\"elementor-element elementor-element-f444cd7 lte-heading-style-header-subheader elementor-widget elementor-widget-lte-header\" data-id=\"f444cd7\" data-element_type=\"widget\" data-widget_type=\"lte-header.default\">\n<div class=\"elementor-widget-container\">\n<div class=\"lte-heading lte-style-header-subheader lte-color-black lte-subcolor-main heading-tag-h6 heading-subtag-h6\">\n<div class=\"lte-heading-content\">\n<h6 class=\"lte-header\"><strong>Qrip v\u0259 Soyuqd\u0259ym\u0259 <\/strong><strong>\u0259lam\u0259tl\u0259ri:<\/strong><\/h6>\n<\/div>\n<\/div>\n<\/div>\n<\/div>\n<div class=\"elementor-element elementor-element-4899cc9 elementor-widget elementor-widget-text-editor\" data-id=\"4899cc9\" data-element_type=\"widget\" data-widget_type=\"text-editor.default\">\n<div class=\"elementor-widget-container\">\n<ul>\n<li>H\u0259m qrip (qrip), h\u0259m d\u0259 soyuqd\u0259ym\u0259 viruslardan qaynaqlan\u0131r v\u0259 ox\u015far simptomlara sahib olurlar.<\/li>\n<li>Qripin yaranmas\u0131 yaln\u0131zca virus, bakteriya, g\u00f6b\u0259l\u0259k virusu v\u0259.s s\u0259b\u0259b olur.<\/li>\n<li>Soyuqd\u0259ym\u0259 is\u0259 burunun selikli qi\u015fas\u0131n\u0131n soyuqd\u0259m\u0259 n\u0259tic\u0259sind\u0259 iltihab\u0131d\u0131r.<\/li>\n<\/ul>\n<\/div>\n<\/div>\n<p>&nbsp;<\/p>\n<\/div>\n<\/div>\n<p><strong><u>T\u0259rkibi:<\/u><\/strong><\/p>\n<ul>\n<li><strong>D\u0259niz duzunun hipertonik m\u0259hlulu (2,3%)<\/strong> \u2013 Burun yollar\u0131n\u0131n t\u0259bii yolla t\u0259mizl\u0259nm\u0259sin\u0259 k\u00f6m\u0259k ed\u0259r\u0259k burunla d\u00fczg\u00fcn t\u0259n\u0259ff\u00fcs\u00fc v\u0259 t\u0259n\u0259ff\u00fcs yollar\u0131n\u0131n ke\u00e7iriciliyini b\u0259rpa edir. Burun hiss\u0259sind\u0259 q\u0131c\u0131qlanma, qa\u015f\u0131nma, \u00f6sk\u00fcr\u0259k, burun axmas\u0131, sinusit, \u00fcz, g\u00f6z v\u0259 qulaq \u0259traf\u0131 a\u011fr\u0131lar, \u00e7\u0259tin n\u0259f\u0259s alma v\u0259 yuxu poz\u011funlu\u011fu kimi simptomlar\u0131 y\u00fcng\u00fcll\u0259\u015fdirir.<\/li>\n<li><strong>Qaraq\u0131n\u0131q (lat. Origanum majorana)<\/strong> \u2013 Qaraq\u0131n\u0131q bitkisi 3% efir ya\u011f\u0131, z\u0259nginl\u0259\u015fmi\u015f flavanoid, polisaxarid v\u0259 titerpenl\u0259rd\u0259n ibar\u0259t olub antiseptik, antibiotik, spazmolitik v\u0259 iltihab \u0259leyhin\u0259 t\u0259sir g\u00f6st\u0259r\u0259n vasit\u0259dir. Yuxar\u0131 t\u0259n\u0259ff\u00fcs yollar\u0131nda infeksiya yarada bil\u0259c\u0259k z\u0259r\u0259rli mikroorqanizml\u0259ri m\u0259hv edir, t\u0259n\u0259ff\u00fcs yollar\u0131nda ke\u00e7iriciliyi yax\u015f\u0131la\u015fd\u0131r\u0131r v\u0259 iltihab \u0259leyhin\u0259 t\u0259sir g\u00f6st\u0259rir.<\/li>\n<li><strong>Reyhan (lat. Ocimum basilicum) \u2013<\/strong> T\u0259rkibi bakteriya, g\u00f6b\u0259l\u0259k v\u0259 viruslar\u0131 m\u0259hv ed\u0259n y\u00fcks\u0259k miqdarda linalul v\u0259 euqenol olan efir ya\u011flar\u0131ndan ibar\u0259tdir. Bu da sinusitl\u0259rd\u0259 infeksiya yaradan seliyin v\u0259 mikroorqanizml\u0259rin m\u0259hv edilm\u0259si v\u0259 a\u011fr\u0131n\u0131n azald\u0131lmas\u0131 \u00fc\u00e7\u00fcn \u00e7ox vacibdir.<\/li>\n<li><strong>N\u2013asetilsistein (NAC) \u2013<\/strong> iltihabla\u015fm\u0131\u015f t\u0259n\u0259ff\u00fcs orqanlar\u0131nda yaranm\u0131\u015f aral\u0131q m\u0259hsullar v\u0259 s\u0259rb\u0259st radikallar\u0131n sufhidril qruplar\u0131 il\u0259 reaksiyaya gir\u0259r\u0259k onlar\u0131 neytralla\u015fd\u0131rmaqla g\u00fccl\u00fc pnevmoprotektor v\u0259 antioksidant t\u0259sir g\u00f6st\u0259rir. Hava ke\u00e7idl\u0259rd\u0259ki selikl\u0259ri yum\u015faldan bir antioksidan v\u0259 ifrazat\u00e7\u0131 kimi \u00e7\u0131x\u0131\u015f ed\u01ddr\u01ddk t\u0259n\u0259ff\u00fcs v\u0259ziyy\u0259tinin yax\u015f\u0131la\u015fd\u0131r\u0131r. Bunun say\u0259sind\u0259 d\u0259 sinusitl\u0259rd\u0259 v\u0259 burunda yaranan seliyi xaric ed\u0259r\u0259k sinusitl\u0259rin xroniki iltihab\u0131nda a\u011fr\u0131 yaranmas\u0131na imkan vermir.<\/li>\n<li><strong>Propolis \u2013<\/strong> t\u0259bii m\u0259hsul olaraq \u00f6z t\u0259rkibi say\u0259sind\u0259 m\u00fcxt\u0259lif mikroorqanizml\u0259rin h\u00fccumlar\u0131n\u0131n qar\u015f\u0131s\u0131n\u0131 al\u0131r. \u018fsas\u0259n flavanoidl\u0259r, fenol v\u0259 terpenl\u0259rd\u0259n ibar\u0259t olan 150\u2013d\u0259n \u00e7ox birl\u0259\u015fm\u0259l\u0259rd\u0259n ibar\u0259tdir. Bunlar\u0131n say\u0259sind\u0259 Propolis g\u00fccl\u00fc antibakterial, antivirus, g\u00f6b\u0259l\u0259k \u0259leyhin\u0259, immunomodulyator v\u0259 antioksidant\u00a0t\u0259sir\u00a0g\u00f6st\u0259rir.<\/li>\n<\/ul>\n<p><span style=\"font-size: 16px; letter-spacing: 0px;\">Sinusol\u00aeMajoran qarmarit \u00fc\u00e7\u00fcn sprey burunda y\u0131\u011f\u0131lm\u0131\u015f \u00e7irki v\u0259 ifrazat\u0131 t\u0259mizl\u0259y\u0259r.<\/span><\/p>\n<p><strong><u>G\u00f6st\u0259ri\u015fl\u0259r:<\/u><\/strong><\/p>\n<ul>\n<li>Burun bo\u015flu\u011funun, burun\u0259traf\u0131 cibl\u0259rin, burun\u2013udla\u011f\u0131n k\u0259skin v\u0259 xroniki iltihab\u0131 x\u0259st\u0259likl\u0259ri (k\u0259skin virus infeksiyas\u0131, sinusit (haymorit), qrip, z\u00f6k\u0259m v\u0259 s.); K\u0259skin Sinusitin (Haymoritin) m\u00fcalic\u0259sind\u0259;<\/li>\n<li>Sinus\u0259traf\u0131 (Xroniki Haymorit zaman\u0131), \u00fcz, g\u00f6z, qulaq \u0259traf\u0131 a\u011fr\u0131lar v\u0259 t\u0259zyiql\u0259rl\u0259 m\u00fc\u015fay\u0259t olunan sinusitl\u0259rd\u0259 (Haymoritd\u0259);<\/li>\n<li>Burun bo\u015flu\u011funun g\u00fcnd\u0259lik gigiyenas\u0131nda;<\/li>\n<li>Burundan bakteriya, virus v\u0259 g\u00f6b\u0259l\u0259yin xaric edilm\u0259si;<\/li>\n<li>Burundan seliyin xaric olunmas\u0131 v\u0259 t\u0259n\u0259ff\u00fcs\u00fcn b\u0259rpa olunmas\u0131;<\/li>\n<li>Burunun selikli qi\u015fas\u0131n\u0131n \u015fi\u015fkinliyini azald\u0131r;<\/li>\n<li>Burunda \u00f6demin\u00a0azald\u0131lmas\u0131nda.<\/li>\n<\/ul>\n<div class=\"elementor-element elementor-element-2ad8f21 lte-heading-style-header-subheader-dash elementor-widget elementor-widget-lte-header\" data-id=\"2ad8f21\" data-element_type=\"widget\" data-widget_type=\"lte-header.default\">\n<div class=\"elementor-widget-container\">\n<div class=\"lte-heading lte-style-header-subheader-dash lte-color-black lte-subcolor-white heading-tag-h3 heading-subtag-h6\">\n<div class=\"lte-heading-content\">\n<p class=\"lte-header\"><strong>\u0130stifad\u0259 qaydas\u0131:<\/strong><\/p>\n<p class=\"lte-header\"><span style=\"font-family: Poppins, sans-serif; font-size: 19px; font-style: normal; font-weight: 500; letter-spacing: 0px;\">4 ya\u015fdan b\u00f6y\u00fck u\u015faqlar g\u00fcnd\u0259 2-3 d\u0259f\u0259 h\u0259r burun d\u0259liyin\u0259 1 p\u00fcsk\u00fcrtm\u0259.<\/span><\/p>\n<p class=\"lte-header\"><span style=\"font-family: Poppins, sans-serif; font-size: 19px; font-style: normal; font-weight: 500; letter-spacing: 0px;\">B\u00f6y\u00fckl\u0259r g\u00fcnd\u0259 2-3 d\u0259f\u0259 olmaq \u015f\u0259rti il\u0259 h\u0259r burun d\u0259liyin\u0259 1-2 p\u00fcsk\u00fcrtm\u0259.<\/span><\/p>\n<\/div>\n<\/div>\n<\/div>\n<\/div>\n<div class=\"elementor-element elementor-element-efdd3f1 elementor-widget__width-initial elementor-widget elementor-widget-text-editor\" data-id=\"efdd3f1\" data-element_type=\"widget\" data-widget_type=\"text-editor.default\">\n<div class=\"elementor-widget-container\">\n<ul class=\"lte-list\">\n<li aria-level=\"1\">\u0130stifad\u0259d\u0259n \u0259vv\u0259l flakonu \u00e7alxalay\u0131n.<\/li>\n<li aria-level=\"1\">Qoruyucu v\u0259 qapa\u011f\u0131 \u00e7\u0131xar\u0131n v\u0259 ilk sprey g\u00f6r\u00fcn\u0259n\u0259 q\u0259d\u0259r spreyi bir ne\u00e7\u0259 d\u0259f\u0259 bas\u0131n.<\/li>\n<li aria-level=\"1\">Sonra burun d\u0259liyini barma\u011f\u0131n\u0131z il\u0259 ba\u011flay\u0131n, dig\u0259r burun d\u0259liyin\u0259 is\u0259 spreyi s\u0131x\u0131n, v\u0259 eyni qaydada dig\u0259r burun d\u0259liyini barma\u011f\u0131n\u0131z il\u0259 ba\u011flay\u0131n v\u0259 o birsi burun d\u0259liyin\u0259 spreyi s\u0131x\u0131n.<\/li>\n<li aria-level=\"1\">P\u00fcsk\u00fcrtm\u0259d\u0259n sonra burunla y\u00fcng\u00fcl n\u0259f\u0259s al\u0131n.<\/li>\n<li aria-level=\"1\">\u0130stifad\u0259d\u0259n sonra flakonun ba\u015fl\u0131\u011f\u0131n\u0131 \u00e7\u0131xardaraq su il\u0259 yuyun v\u0259 ya n\u0259m salfetka il\u0259 t\u0259mizl\u0259yin. V\u0259 bir ba\u015fa g\u00fcn \u015f\u00fcas\u0131 d\u00fc\u015fm\u0259y\u0259n v\u0259 25\u00a0\u00b0C-y\u0259 q\u0259d\u0259r temperaturda saxlaya bil\u0259c\u0259yiniz yer\u0259 qoyun. U\u015faqlar\u0131n \u0259li \u00e7atmayan yerd\u0259 saxlay\u0131n.<\/li>\n<li aria-level=\"1\">Flakondan istifad\u0259 zaman\u0131 viruslar\u0131n bir \u015f\u0259xsd\u0259n dig\u0259rin\u0259 \u00f6t\u00fcr\u00fclm\u0259 ehtimal\u0131 oldu\u011fundan, h\u0259r k\u0259sin \u00f6z burun spreyinin olmas\u0131 t\u00f6vsiy\u0259 edilir.<\/li>\n<li aria-level=\"1\">Burun spreyinin effektivliyinin itm\u0259m\u0259si \u00fc\u00e7\u00fcn ilk istifad\u0259d\u0259n sonra 1 ay \u0259rzind\u0259 istifad\u0259 edilm\u0259si t\u00f6vsiy\u0259 olunur.<\/li>\n<\/ul>\n<p>Qeyd: \u0130stifad\u0259d\u0259n \u0259vv\u0259l istifad\u0259 t\u0259limat\u0131n\u0131n oxunmas\u0131 t\u00f6vsiy\u0259 olunur.<\/p>\n<\/div>\n<\/div>","protected":false},"excerpt":{"rendered":"<p>10 ild\u0259n art\u0131q Avropa bazar\u0131nda sat\u0131lan Sinusol\u00aeMajoran burun spreyi, uzun ill\u0259r labarator t\u0259dqiqatlardan ke\u00e7\u0259r\u0259k \u0259n y\u00fcks\u0259k s\u0259viyy\u0259d\u0259 m\u00fc\u015ft\u0259ril\u0259r\u0259 t\u0259qdim olunur. Sinusol\u00aeMajoran burun spreyi Haymorit (qaymorit), Qrip, Soyuqd\u0259ym\u0259 v\u0259 G\u00fcnd\u0259lik gigiyena&hellip;<\/p>","protected":false},"featured_media":26100,"template":"","meta":[],"product_cat":[249,245],"product_tag":[],"class_list":["post-25956","product","type-product","status-publish","has-post-thumbnail","hentry","product_cat-butun-mhsullar","product_cat-lor"],"_links":{"self":[{"href":"https:\/\/himmel.az\/en\/wp-json\/wp\/v2\/product\/25956","targetHints":{"allow":["GET"]}}],"collection":[{"href":"https:\/\/himmel.az\/en\/wp-json\/wp\/v2\/product"}],"about":[{"href":"https:\/\/himmel.az\/en\/wp-json\/wp\/v2\/types\/product"}],"version-history":[{"count":4,"href":"https:\/\/himmel.az\/en\/wp-json\/wp\/v2\/product\/25956\/revisions"}],"predecessor-version":[{"id":26182,"href":"https:\/\/himmel.az\/en\/wp-json\/wp\/v2\/product\/25956\/revisions\/26182"}],"wp:featuredmedia":[{"embeddable":true,"href":"https:\/\/himmel.az\/en\/wp-json\/wp\/v2\/media\/26100"}],"wp:attachment":[{"href":"https:\/\/himmel.az\/en\/wp-json\/wp\/v2\/media?parent=25956"}],"wp:term":[{"taxonomy":"product_cat","embeddable":true,"href":"https:\/\/himmel.az\/en\/wp-json\/wp\/v2\/product_cat?post=25956"},{"taxonomy":"product_tag","embeddable":true,"href":"https:\/\/himmel.az\/en\/wp-json\/wp\/v2\/product_tag?post=25956"}],"curies":[{"name":"wp","href":"https:\/\/api.w.org\/{rel}","templated":true}]}}