{"id":26003,"date":"2023-07-25T14:31:22","date_gmt":"2023-07-25T10:31:22","guid":{"rendered":"https:\/\/himmel.az\/?post_type=product&#038;p=26003"},"modified":"2025-09-22T16:39:09","modified_gmt":"2025-09-22T12:39:09","slug":"hypervag","status":"publish","type":"product","link":"https:\/\/himmel.az\/en\/mehsul\/hypervag\/","title":{"rendered":"Hypervag\u00ae (Vaginal \u015fam)"},"content":{"rendered":"<p><strong>10 ild\u0259n art\u0131q Avropa bazar\u0131nda sat\u0131lan <\/strong><strong>\u201cHypervag\u00ae\u201d <\/strong><strong>vaginal \u015fam uzun ill\u0259r labarator t\u0259dqiqatlardan ke\u00e7\u0259r\u0259k \u0259n y\u00fcks\u0259k s\u0259viyy\u0259d\u0259 m\u00fc\u015ft\u0259ril\u0259r\u0259 t\u0259qdim olunur.<\/strong><\/p>\n<p><strong>Hypervag\u00ae <\/strong>vaginal \u015fam\u0131 u\u015faql\u0131q yolu selikli qi\u015fas\u0131n\u0131n bakterial x\u0259st\u0259likl\u0259rinin profilaktikas\u0131 v\u0259 m\u00fcalic\u0259sind\u0259 istifad\u0259 olunan tibbi vasit\u0259dir.<\/p>\n<p><strong>Hypervag\u00ae <\/strong>a\u015fa\u011f\u0131da g\u00f6st\u0259ril\u0259n simptomlar\u0131n aradan qald\u0131r\u0131lmas\u0131na v\u0259 vaginal b\u00f6lg\u0259nin pH s\u0259viyy\u0259sini normalla\u015fd\u0131r\u0131lmas\u0131na k\u00f6m\u0259k edir:<\/p>\n<p>-Vaginada Qa\u015f\u0131nt\u0131, Pis qoxu, Q\u0131zart\u0131, Q\u0131c\u0131qlanma, R\u0259ngli \u0130frazat v\u0259 Quruluq zaman\u0131;<\/p>\n<p>-Vaginal infeksiya, g\u00f6b\u0259l\u0259k, bakteriya zaman\u0131;<\/p>\n<p>-Bakterial Vaginoz, Kolpit v\u0259 Servisit zaman\u0131;<\/p>\n<p>-Menopoz (vaginal quruluq, vaginan\u0131n selikli qi\u015fas\u0131n\u0131n atrofiyas\u0131) v\u0259 hormonal disbalans\u0131 zaman\u0131;<\/p>\n<p>-Menstruasiya d\u00f6vr\u00fcnd\u0259n sonra;<\/p>\n<p>-U\u015faql\u0131q yolunun v\u0259 boynunun eroziyas\u0131 zaman\u0131;<\/p>\n<p>-Vaginal b\u00f6lg\u0259nin gigiyenas\u0131 zaman\u0131.<\/p>\n<p><strong><u>T\u0259rkibi:<\/u><\/strong><\/p>\n<p><strong>\u201cHypervag\u00ae\u201d-\u0131n\u00a0<\/strong>t\u0259rkibi: Hypericum Perforatum Oil (Daz\u0131 otu), Alba (Ar\u0131 mumu), Calendula Officinalis Oil (G\u00fcl\u00fcmbahar), Biennis (Evening Primrose) Oil, Hydrogenated Coco \u2013 Glycerides, BHT (ionol).<\/p>\n<p>T\u0259bii ya\u011flarla z\u0259nginl\u0259\u015fdirilmi\u015f\u00a0<strong>Hypervag\u00ae <\/strong>\u00a0iltihab \u0259leyhin\u0259 v\u0259 t\u0259bii antiseptik t\u0259sir g\u00f6st\u0259rir, h\u0259m\u00e7inin selikli qi\u015fan\u0131n epitelizasiyas\u0131n\u0131 s\u00fcr\u0259tl\u0259ndir.<\/p>\n<p><strong>Hypericum perforatum (Daz\u0131 otu) <\/strong>\u2013 \u0259n \u00e7ox yay\u0131lm\u0131\u015f d\u0259rman bitkisidir. Antibakterial, virus \u0259leyhin\u0259 v\u0259 g\u00f6b\u0259l\u0259k \u0259leyhin\u0259 t\u0259sir g\u00f6st\u0259r\u0259n azsayl\u0131 bitkil\u0259rd\u0259n biri kimi xalq t\u0259bab\u0259tind\u0259 geni\u015f istifad\u0259 edilir. D\u0259rinin v\u0259 selikli qi\u015fan\u0131n iltihab\u0131na, epitelizasiyas\u0131na v\u0259 vaginal infeksiyalara k\u00f6m\u0259k ed\u0259n hiperisin, taninl\u0259r v\u0259 flavonoidl\u0259rl\u0259 z\u0259ngindir. <strong>\u201cHypervag\u00ae\u201d-<\/strong> vaginal \u015fam\u0131 t\u0259bii olaraq q\u0131rm\u0131z\u0131 r\u0259ng\u0259 malik standartla\u015fd\u0131r\u0131lm\u0131\u015f St John\u2019s wort ekstrakt\u0131 istifad\u0259 edir v\u0259 \u015fam\u0131n r\u0259ngin\u0259 t\u0259sir ed\u0259 bil\u0259r.<\/p>\n<p><strong>Calendula Officinalis (G\u00fcl\u00fcmbahar)\u00a0<\/strong>\u2013\u00a0q\u0259dim zamanlardan d\u0259ri \u00fcz\u0259rind\u0259 iltihab \u0259leyhin\u0259, antiseptik v\u0259 m\u00fcalic\u0259vi x\u00fcsusiyy\u0259tl\u0259ri il\u0259 tan\u0131nan d\u0259rman bitkisidir. G\u00fcl\u00fcmbahar \u00e7i\u00e7\u0259kl\u0259rind\u0259n \u0259ld\u0259 edil\u0259n t\u0259rkibind\u0259 taninl\u0259r, efir ya\u011flar\u0131, likopen, karotenoidl\u0259r v\u0259 minerallar var. T\u0259rkibind\u0259ki aktiv madd\u0259l\u0259r say\u0259sind\u0259 g\u00fcl\u00fcmbahar \u00e7i\u00e7\u0259yinin ya\u011f\u0131 yax\u015f\u0131 epitelizator v\u0259 antiseptik kimi d\u0259ri v\u0259 selikli qi\u015falarda iltihab v\u0259 yaralar \u00fc\u00e7\u00fcn istifad\u0259 olunur.<\/p>\n<p><strong>Oenothera Biennis Oil (Evening primrose)\u00a0<\/strong>\u2013\u00a0m\u00fcxt\u0259lif d\u0259ri d\u0259yi\u015fiklikl\u0259rin\u0259 v\u0259 yaralar\u0131n sa\u011falmas\u0131na m\u00fcsb\u0259t t\u0259siri il\u0259 tan\u0131n\u0131r. Vaginal quruluq v\u0259 qa\u015f\u0131nman\u0131n xo\u015fag\u0259lm\u0259z simptomlar\u0131n\u0131n qar\u015f\u0131s\u0131n\u0131 almaq v\u0259 y\u00fcng\u00fcll\u0259\u015fdirm\u0259k \u00fc\u00e7\u00fcn istifad\u0259 olunan doymam\u0131\u015f ya\u011f tur\u015fular\u0131n\u0131n \u2013 sis-linolenik (70% -\u0259 q\u0259d\u0259r) v\u0259 qamma-linolenik (15% -\u0259 q\u0259d\u0259r) m\u00fch\u00fcm m\u0259nb\u0259yidir.<\/p>\n<p>&nbsp;<\/p>\n<p><strong>\u0130stifad\u0259 qaydas\u0131 v\u0259 dozas\u0131: <\/strong><\/p>\n<p>\u0130stifad\u0259 etm\u0259zd\u0259n \u0259vv\u0259l intim b\u00f6lg\u0259ni v\u0259 \u0259ll\u0259ri yuyun. \u015eam\u0131 qutusundan \u00e7\u0131xar\u0131n, sonra t\u0259tbiqini asanla\u015fd\u0131rmaq \u00fc\u00e7\u00fcn onu plastik qabla\u015fmas\u0131 il\u0259 birg\u0259 bir az isti suda islad\u0131n.<\/p>\n<p>Ax\u015fam yatmazdan \u0259vv\u0259l 1 \u015fam\u0131 vajinaya d\u0259rin\u0259 yeridin, uzan\u0131ql\u0131 v\u0259ziyy\u0259td\u0259 edilm\u0259si t\u00f6vsiy\u0259 olunur.<\/p>\n<p>Ehtiyac olduqda \u015famdan g\u00fcnd\u0259 2 d\u0259f\u0259, s\u0259h\u0259r v\u0259 ax\u015fam 1 \u015fam istifad\u0259 edil\u0259 bil\u0259r.<\/p>\n<p>T\u00f6vsiy\u0259 olunan istifad\u0259 m\u00fcdd\u0259ti 7-14 g\u00fcnd\u00fcr.<\/p>\n<p><strong>\u018fks g\u00f6st\u0259ri\u015fl\u0259ri:<\/strong> M\u0259hsulun t\u0259rkibind\u0259ki h\u0259r hans\u0131 bir komponent\u0259 qar\u015f\u0131 individual h\u0259ssasl\u0131q.<\/p>\n<p><strong>\u018flav\u0259 t\u0259sirl\u0259ri:<\/strong> Allergik reaksiyalar.<\/p>\n<p><strong>Burax\u0131l\u0131\u015f v\u0259 qabla\u015fd\u0131rma formas\u0131:<\/strong> Vaginal \u015fam blisterd\u0259, karton qutu qabla\u015fmada \u21167.<\/p>\n<p>&nbsp;<\/p>\n<p><strong>Vaginal kandidoz<\/strong> vaginal b\u00f6lg\u0259d\u0259 rast g\u0259lin\u0259n \u0259n \u00e7ox x\u0259st\u0259likl\u0259rd\u0259ndir. Qad\u0131nlar\u0131n 80%-i h\u0259yatlar\u0131 boyunca \u0259n az\u0131 bir d\u0259f\u0259d\u0259 olsa Vaginal kandidoz x\u0259st\u0259liyin\u0259 yoluxurlar.<\/p>\n<p>Vaginal kandidoz x\u0259st\u0259liyinin simptomlar\u0131:<\/p>\n<p>\u2705Qa\u015f\u0131nt\u0131: Vaginal b\u00f6lg\u0259d\u0259 \u015fidd\u0259tli qa\u015f\u0131nt\u0131, vaginal kandidozun \u00e7ox rast g\u0259lin\u0259n simptomudur.<\/p>\n<p>\u2705Yanma Hissi: Vaginada yanma hissi, x\u00fcsusil\u0259 sidik \u00e7\u0131xarark\u0259n v\u0259 ya cinsi \u0259laq\u0259 zaman\u0131.<\/p>\n<p>\u2705Vaginal Ax\u0131nt\u0131: \u018fsas\u0259n a\u011f, sar\u0131mt\u0131l r\u0259ngli bir ax\u0131nt\u0131 g\u00f6r\u00fcn\u0259 bil\u0259r. Ax\u0131nt\u0131 \u0259sas\u0259n qoxusuzdur, b\u0259z\u0259n x\u00fcsusi qoxu ola bil\u0259r.<\/p>\n<p>\u2705Q\u0131zar\u0131ql\u0131q v\u0259 \u015fi\u015fkinlik: Vaginal b\u00f6lg\u0259d\u0259 q\u0131zar\u0131ql\u0131q v\u0259 \u015fi\u015fkinlik g\u00f6r\u00fcl\u0259 bil\u0259r.<\/p>\n<p>\u2705A\u011fr\u0131: Cinsi \u0259laq\u0259 zaman\u0131 v\u0259 ya sidik \u00e7\u0131xar\u0131rk\u0259n a\u011fr\u0131 hissi ola bilir.<\/p>\n<p>\u2705Vaginal (Genital) B\u00f6lg\u0259d\u0259 Diskomfort: Vaginal (Genital) b\u00f6lg\u0259d\u0259 s\u0259b\u0259bsiz diskomfort v\u0259 a\u011fr\u0131 hissinin olmas\u0131.<\/p>\n<p>&nbsp;<\/p>","protected":false},"excerpt":{"rendered":"<p>10 ild\u0259n art\u0131q Avropa bazar\u0131nda sat\u0131lan \u201cHypervag\u00ae\u201d vaginal \u015fam uzun ill\u0259r labarator t\u0259dqiqatlardan ke\u00e7\u0259r\u0259k \u0259n y\u00fcks\u0259k s\u0259viyy\u0259d\u0259 m\u00fc\u015ft\u0259ril\u0259r\u0259 t\u0259qdim olunur. Hypervag\u00ae vaginal \u015fam\u0131 u\u015faql\u0131q yolu selikli qi\u015fas\u0131n\u0131n bakterial x\u0259st\u0259likl\u0259rinin profilaktikas\u0131&hellip;<\/p>","protected":false},"featured_media":26022,"template":"","meta":[],"product_cat":[241,249],"product_tag":[],"class_list":["post-26003","product","type-product","status-publish","has-post-thumbnail","hentry","product_cat-ginekoloji","product_cat-butun-mhsullar"],"_links":{"self":[{"href":"https:\/\/himmel.az\/en\/wp-json\/wp\/v2\/product\/26003","targetHints":{"allow":["GET"]}}],"collection":[{"href":"https:\/\/himmel.az\/en\/wp-json\/wp\/v2\/product"}],"about":[{"href":"https:\/\/himmel.az\/en\/wp-json\/wp\/v2\/types\/product"}],"version-history":[{"count":4,"href":"https:\/\/himmel.az\/en\/wp-json\/wp\/v2\/product\/26003\/revisions"}],"predecessor-version":[{"id":26049,"href":"https:\/\/himmel.az\/en\/wp-json\/wp\/v2\/product\/26003\/revisions\/26049"}],"wp:featuredmedia":[{"embeddable":true,"href":"https:\/\/himmel.az\/en\/wp-json\/wp\/v2\/media\/26022"}],"wp:attachment":[{"href":"https:\/\/himmel.az\/en\/wp-json\/wp\/v2\/media?parent=26003"}],"wp:term":[{"taxonomy":"product_cat","embeddable":true,"href":"https:\/\/himmel.az\/en\/wp-json\/wp\/v2\/product_cat?post=26003"},{"taxonomy":"product_tag","embeddable":true,"href":"https:\/\/himmel.az\/en\/wp-json\/wp\/v2\/product_tag?post=26003"}],"curies":[{"name":"wp","href":"https:\/\/api.w.org\/{rel}","templated":true}]}}