{"id":26041,"date":"2024-06-27T18:39:03","date_gmt":"2024-06-27T14:39:03","guid":{"rendered":"https:\/\/himmel.az\/?post_type=product&#038;p=26041"},"modified":"2025-09-24T12:34:57","modified_gmt":"2025-09-24T08:34:57","slug":"otoperfectac","status":"publish","type":"product","link":"https:\/\/himmel.az\/en\/mehsul\/otoperfectac\/","title":{"rendered":"Oto Perfect\u00ae Aqua Clean (Qulaq yuyulmas\u0131 v\u0259 gigiyenas\u0131 \u00fc\u00e7\u00fcn sprey)"},"content":{"rendered":"<p><strong>10 ild\u0259n art\u0131qd\u0131r ki, Avropa bazar\u0131nda sat\u0131lan <\/strong><strong>\u201cOto Perfect\u00ae Aqua Clean\u201d <\/strong><strong>qulaq spreyi laborator t\u0259dqiqatlardan ke\u00e7\u0259r\u0259k uzun ill\u0259rdir ki, \u0259n y\u00fcks\u0259k s\u0259viyy\u0259d\u0259 m\u00fc\u015ft\u0259ril\u0259r\u0259 t\u0259qdim olunur.<\/strong><\/p>\n<p>&#8220;Oto Perfect\u00ae Aqua Clean&#8221; qulaq spreyi: qulaq kanal\u0131n\u0131 t\u0259mizl\u0259y\u0259r\u0259k pH art\u0131rmaq, qulaqdak\u0131 kiri yum\u015faldaraq qulaqdan xaric etm\u0259k, qulaq t\u0131xan\u0131ql\u0131\u011f\u0131n\u0131 v\u0259 qulaq tutulmas\u0131n\u0131 aradan qald\u0131rmaq, h\u0259m\u00e7inin qulaq \u00fc\u00e7\u00fcn istifad\u0259 olunan d\u0259rman vasit\u0259l\u0259rinin effektivliyini art\u0131rmaq \u00fc\u00e7\u00fcn istifad\u0259 olunur.<\/p>\n<p>Qulaq tutulmas\u0131, qulaqda \u00e7irk y\u0131\u011f\u0131lmas\u0131, qulaq t\u0131xac\u0131 (qulaq probkasi) v\u0259 a\u011fr\u0131 kimi probleml\u0259r g\u00fcnd\u0259lik h\u0259yatda narahatl\u0131q yarada bil\u0259r. Qulaq a\u011fr\u0131s\u0131 v\u0259 qulaq t\u0131xan\u0131ql\u0131\u011f\u0131 kimi hallarda, qulaq yuyulmasi v\u0259 qulaq t\u0259mizl\u0259nm\u0259si effektiv h\u0259ll yollar\u0131 t\u0259min ed\u0259 bil\u0259r. Qulaqdak\u0131 kiri t\u0259mizl\u0259m\u0259k h\u0259m e\u015fitm\u0259 keyfiyy\u0259tini art\u0131r\u0131r, h\u0259m d\u0259 infeksiya riskini azald\u0131r. &#8220;Oto Perfect\u00ae Aqua Clean&#8221; qulaq spreyi qulaq sa\u011flaml\u0131\u011f\u0131n\u0131z\u0131 qoruma\u011fa k\u00f6m\u0259k edir v\u0259 qulaq yuyulmas\u0131, t\u0259mizl\u0259nm\u0259si il\u0259 qulaqda toplanan \u00e7irk v\u0259 t\u0131xaclar\u0131 effektiv \u015f\u0259kild\u0259 aradan qald\u0131r\u0131r, qulaq kanallar\u0131n\u0131z\u0131 t\u0259miz v\u0259 sa\u011flam saxlay\u0131r.<\/p>\n<p><strong>\u201cOto Perfect\u00ae Aqua Clean\u201d <\/strong><strong>qulaq spreyi <\/strong>a\u015fa\u011f\u0131da g\u00f6st\u0259ril\u0259n simptomlar\u0131n aradan qald\u0131r\u0131lmas\u0131na v\u0259 qulaq kanal\u0131n\u0131n pH s\u0259viyy\u0259sini normalla\u015fd\u0131r\u0131lmas\u0131na k\u00f6m\u0259k edir:<\/p>\n<p>-Qulaq gigiyenas\u0131n\u0131 qorumaq \u00fc\u00e7\u00fcn;<br \/>\n-Qulaq kiri (qulaq t\u0131xac\u0131) normadan daha \u00e7ox olan insanlar \u00fc\u00e7\u00fcn;<br \/>\n-Qulaqda olan kirin xaric olmas\u0131 \u00fc\u00e7\u00fcn;<br \/>\n-E\u015fitm\u0259 cihazlar\u0131 taxan v\u0259 ya qulaql\u0131qdan tez-tez istifad\u0259 ed\u0259n insanlar \u00fc\u00e7\u00fcn;<br \/>\n-Qulaq \u00fc\u00e7\u00fcn d\u0259rmanlar\u0131n t\u0259tbiqind\u0259n d\u0259rhal \u0259vv\u0259l qulaqlar\u0131 yaxalamaq \u00fc\u00e7\u00fcn;<\/p>\n<p><strong><u>T\u0259rkibi: <\/u><\/strong>1 ml m\u0259hlulda 30 mq stabill\u0259\u015fdirilmi\u015f hidrogen peroksid (2.57 mq hidrogen peroksid 35%) var.<\/p>\n<p>Spreyin istifad\u0259si zaman\u0131 qulaq kanal\u0131n\u0131n d\u0259risi il\u0259 t\u0259masda olan hidrogen peroksid oksigen yaranmas\u0131na s\u0259b\u0259b olur, bu da f\u0131\u015f\u0131ldayaraq qulaq \u00e7irkini par\u00e7alay\u0131r (bu, &#8220;qulaqda f\u0131\u015f\u0131ldama&#8221; kimi \u00f6z\u00fcn\u00fc g\u00f6st\u0259rir v\u0259 preparat\u0131n effektivliyinin g\u00f6st\u0259ricisidir). Bundan \u0259lav\u0259, hidrogen peroksidd\u0259n s\u0259rb\u0259st burax\u0131laraq yeni yaranan oksigen xarici qulaq infeksiyalar\u0131n\u0131n qar\u015f\u0131s\u0131n\u0131n al\u0131nmas\u0131na k\u00f6m\u0259k ed\u0259r\u0259k antiseptik t\u0259sir g\u00f6st\u0259rir.<\/p>\n<p><strong>\u0130stifad\u0259 qaydas\u0131 v\u0259 dozas\u0131:<\/strong><\/p>\n<p>\u0130lk istifad\u0259d\u0259n \u0259vv\u0259l m\u0259hlul g\u00f6rs\u0259n\u0259n\u0259 q\u0259d\u0259r spreyi bir ne\u00e7\u0259 d\u0259f\u0259 p\u00fcsk\u00fcrd\u00fcn. Spreyin flakonunu \u0259linizin i\u00e7ind\u0259 q\u0131zd\u0131r\u0131n (1 d\u0259qiq\u0259). Ba\u015f\u0131n\u0131z\u0131 yan t\u0259r\u0259f\u0259 \u0259yib spreyi qula\u011f\u0131n\u0131za yax\u0131nla\u015fd\u0131raraq 1 p\u00fcsk\u00fcrtm\u0259 edin. Ba\u015f\u0131n\u0131z\u0131 \u0259yili v\u0259ziyy\u0259td\u0259 saxlayaraq 5 d\u0259qiq\u0259 g\u00f6zl\u0259yin. Sonra ba\u015f\u0131n\u0131z\u0131 d\u00fcz\u0259ld\u0259r\u0259k m\u0259hlulun qula\u011f\u0131n\u0131zdan bo\u015fald\u0131lmas\u0131na icaz\u0259 verin v\u0259 qula\u011f\u0131 yum\u015faq bir \u015f\u0259kild\u0259 silin. U\u015faqlarda qula\u011f\u0131 yum\u015faq bir \u015f\u0259kild\u0259 geri \u00e7\u0259kin, sonra spreyi p\u00fcsk\u00fcrd\u00fcn.<br \/>\n-Qulaq gigiyenas\u0131n\u0131 qorumaq \u00fc\u00e7\u00fcn, y\u0259ni xarici qulaq kanal\u0131nda \u00e7irkin y\u0131\u011f\u0131lmas\u0131n\u0131n qar\u015f\u0131s\u0131n\u0131 almaq \u00fc\u00e7\u00fcn h\u0259ft\u0259d\u0259 2-3 d\u0259f\u0259 spreyd\u0259n istifad\u0259 edin.<br \/>\n-E\u015fitm\u0259 cihazlar\u0131ndan istifad\u0259 ed\u0259n insanlar proseduru daha tez-tez t\u0259krarlaya bil\u0259rl\u0259r (h\u0259ft\u0259d\u0259 bir ne\u00e7\u0259 d\u0259f\u0259).<br \/>\n-Qulaq t\u0131xan\u0131ql\u0131\u011f\u0131 \u0259m\u0259l\u0259 g\u0259ldikd\u0259, spreyd\u0259n bir doz p\u00fcsk\u00fcrtm\u0259 edin (b\u00f6y\u00fckl\u0259rd\u0259 laz\u0131m olduqda daha \u00e7ox) v\u0259 ba\u015f\u0131 \u0259yilmi\u015f v\u0259ziyy\u0259td\u0259 saxlayaraq 10 d\u0259qiq\u0259 spreyin t\u0259sir g\u00f6st\u0259rm\u0259sini g\u00f6zl\u0259yin. Laz\u0131m g\u0259l\u0259rs\u0259 t\u0259krarlay\u0131n.<\/p>\n<p><strong>\u018fks g\u00f6st\u0259ri\u015fl\u0259ri:<\/strong><\/p>\n<p>-Qulaq p\u0259rd\u0259sind\u0259 y\u0131rt\u0131q v\u0259 ya qulaq p\u0259rd\u0259sinin olmamas\u0131 hal\u0131nda;<br \/>\n-Qulaq kanal\u0131n\u0131n z\u0259d\u0259l\u0259nm\u0259si zaman\u0131;<br \/>\n-Hidrogen peroksid\u0259 v\u0259 ya m\u0259hsulun h\u0259r hans\u0131 inqrediyentin\u0259 qar\u015f\u0131 y\u00fcks\u0259k h\u0259ssasl\u0131q hal\u0131nda;<br \/>\n-Qulaqda yad cismin olmas\u0131 hal\u0131nda;<br \/>\n-\u018fm\u0259liyyatdan \u0259vv\u0259l v\u0259 sonra;<br \/>\n<strong>-\u00dc\u00e7 ya\u015fdan ki\u00e7ik u\u015faqlarda;<\/strong><br \/>\n-Daxil\u0259 q\u0259bul edilm\u0259si hal\u0131nda.<\/p>\n<p><strong>Burax\u0131l\u0131\u015f v\u0259 qabla\u015fd\u0131rma formas\u0131:<\/strong> 30 ml sprey (t\u0259xmin\u0259n 220 doza),\u00a0 flakonda m\u0259hlul, karton qutu qabla\u015fmada.<\/p>\n<p><strong>Gigiyenik Sertifikat:<\/strong> AZ031RSK11237<\/p>","protected":false},"excerpt":{"rendered":"<p>10 ild\u0259n art\u0131qd\u0131r ki, Avropa bazar\u0131nda sat\u0131lan \u201cOto Perfect\u00ae Aqua Clean\u201d qulaq spreyi laborator t\u0259dqiqatlardan ke\u00e7\u0259r\u0259k uzun ill\u0259rdir ki, \u0259n y\u00fcks\u0259k s\u0259viyy\u0259d\u0259 m\u00fc\u015ft\u0259ril\u0259r\u0259 t\u0259qdim olunur. &#8220;Oto Perfect\u00ae Aqua Clean&#8221; qulaq&hellip;<\/p>","protected":false},"featured_media":26042,"template":"","meta":[],"product_cat":[249,245],"product_tag":[],"class_list":["post-26041","product","type-product","status-publish","has-post-thumbnail","hentry","product_cat-butun-mhsullar","product_cat-lor"],"_links":{"self":[{"href":"https:\/\/himmel.az\/en\/wp-json\/wp\/v2\/product\/26041","targetHints":{"allow":["GET"]}}],"collection":[{"href":"https:\/\/himmel.az\/en\/wp-json\/wp\/v2\/product"}],"about":[{"href":"https:\/\/himmel.az\/en\/wp-json\/wp\/v2\/types\/product"}],"version-history":[{"count":12,"href":"https:\/\/himmel.az\/en\/wp-json\/wp\/v2\/product\/26041\/revisions"}],"predecessor-version":[{"id":26174,"href":"https:\/\/himmel.az\/en\/wp-json\/wp\/v2\/product\/26041\/revisions\/26174"}],"wp:featuredmedia":[{"embeddable":true,"href":"https:\/\/himmel.az\/en\/wp-json\/wp\/v2\/media\/26042"}],"wp:attachment":[{"href":"https:\/\/himmel.az\/en\/wp-json\/wp\/v2\/media?parent=26041"}],"wp:term":[{"taxonomy":"product_cat","embeddable":true,"href":"https:\/\/himmel.az\/en\/wp-json\/wp\/v2\/product_cat?post=26041"},{"taxonomy":"product_tag","embeddable":true,"href":"https:\/\/himmel.az\/en\/wp-json\/wp\/v2\/product_tag?post=26041"}],"curies":[{"name":"wp","href":"https:\/\/api.w.org\/{rel}","templated":true}]}}