{"id":26057,"date":"2024-09-30T15:49:58","date_gmt":"2024-09-30T11:49:58","guid":{"rendered":"https:\/\/himmel.az\/?post_type=product&#038;p=26057"},"modified":"2025-09-24T16:55:36","modified_gmt":"2025-09-24T12:55:36","slug":"sinusol-ectoin","status":"publish","type":"product","link":"https:\/\/himmel.az\/en\/mehsul\/sinusol-ectoin\/","title":{"rendered":"Sinusol\u00ae Ectoin (Allergiya \u00fc\u00e7\u00fcn burun spreyi)"},"content":{"rendered":"<p><strong>10 ild\u0259n art\u0131qd\u0131r ki, Avropa bazar\u0131nda sat\u0131lan\u00a0<\/strong><strong>\u201cSinusol\u00ae Ectoine\u201d burun<\/strong><strong>\u00a0spreyi laborator t\u0259dqiqatlardan ke\u00e7\u0259r\u0259k uzun ill\u0259rdir ki, \u0259n y\u00fcks\u0259k s\u0259viyy\u0259d\u0259 m\u00fc\u015ft\u0259ril\u0259r\u0259 t\u0259qdim olunur.<\/strong><\/p>\n<p><strong>Sinusol\u00ae Ectoine<\/strong> d\u0259niz duzunun izotonik m\u0259hlulu v\u0259 ectoine il\u0259 birg\u0259 kombin\u0259 olunmu\u015f burun spreyidir.<\/p>\n<p><strong>Sinusol\u00ae Ectoine <\/strong>burunun selikli qi\u015fas\u0131n\u0131 qorumaq, n\u0259ml\u0259ndirm\u0259k v\u0259 q\u0131c\u0131qlanman\u0131 azaltmaq \u00fc\u00e7\u00fcn istifad\u0259 edil\u0259n burun spreyidir. <strong>Ectoine<\/strong> t\u0259bii olaraq bakteriyalarda olan v\u0259 h\u00fcceyr\u0259l\u0259ri qorumaq v\u0259 sabitl\u0259\u015fdirm\u0259k qabiliyy\u0259tin\u0259 malik olan bir molekuldur. Bu x\u00fcsusiyy\u0259tl\u0259rin\u0259 g\u00f6r\u0259 x\u00fcsus\u0259n d\u0259 allergiya v\u0259 q\u0131c\u0131qlanma il\u0259 \u0259laq\u0259li iltihablar zaman\u0131 istifad\u0259 olunur.<\/p>\n<p><strong>Ectoine<\/strong> t\u0259bii t\u0259rkib oldu\u011fundan, \u00fcmumiyy\u0259tl\u0259 t\u0259hl\u00fck\u0259sizdir v\u0259 yan t\u0259sirl\u0259ri azd\u0131r. T\u0259rkibind\u0259 kortikosteroidl\u0259r v\u0259 ya dig\u0259r t\u0259rkibl\u0259r olmad\u0131\u011f\u0131 \u00fc\u00e7\u00fcn uzunm\u00fcdd\u0259tli istifad\u0259 \u00fc\u00e7\u00fcn t\u0259hl\u00fck\u0259sizdir. Burunun selikli qi\u015fas\u0131na n\u0259ml\u0259ndirici t\u0259sir g\u00f6st\u0259rir v\u0259 \u0259traf m\u00fchitin q\u0131c\u0131qland\u0131r\u0131c\u0131lar\u0131ndan qoruyur. Ectoine burunun selikli qi\u015fas\u0131n\u0131n iltihab\u0131n\u0131 v\u0259 q\u0131c\u0131qlanmas\u0131n\u0131 aradan qald\u0131r\u0131r. Bir n\u00f6v\u00fcn allergik rinitin t\u0259bii yolla m\u00fcalic\u0259sin\u0259 k\u00f6m\u0259k edir. M\u00f6vs\u00fcm\u00fc, toz, pollen, heyvan t\u00fckl\u0259rin\u0259 qar\u015f\u0131 allergiyalarda effektiv t\u0259sir g\u00f6st\u0259r\u0259r\u0259k yaranm\u0131\u015f probleml\u0259ri aradan qald\u0131r\u0131r. Allergiya ucun burun spreyi formas\u0131nda \u00e7ox unikal v\u0259 n\u0259tic\u0259si tez \u0259ld\u0259 edil\u0259n effekti var.<\/p>\n<p>&nbsp;<\/p>\n<p><strong>Sinusol\u00ae Ectoine burun spreyinin istifad\u0259si a\u015fa\u011fdak\u0131 hallarda olur:<\/strong><\/p>\n<ol>\n<li><strong>Allergik rinitin m\u00fcalic\u0259si v\u0259 qar\u015f\u0131s\u0131n\u0131n al\u0131nmas\u0131: <\/strong><\/li>\n<\/ol>\n<p>Ektoin burun selikli qi\u015fas\u0131nda qoruyucu t\u0259b\u0259q\u0259 yaradaraq allergenl\u0259r\u0259 qar\u015f\u0131 mane\u0259 yarad\u0131r. Bu yolla, tozlanma, toz v\u0259 heyvan t\u00fck\u00fc kimi allergenl\u0259rin burun selikli qi\u015fas\u0131 il\u0259 t\u0259mas\u0131n\u0131 azald\u0131r v\u0259 allergik reaksiyalar\u0131n \u015fidd\u0259tini (asq\u0131rma, burun axmas\u0131, t\u0131xanma) azald\u0131r. \u018fsas\u0259n allergiya m\u00f6vs\u00fcml\u0259rind\u0259 (m\u0259s\u0259l\u0259n, yaz v\u0259 pay\u0131zda polen m\u00f6vs\u00fcm\u00fc) v\u0259 ya y\u00fcks\u0259k alerjen\u0259 m\u0259ruz qalan m\u00fchitl\u0259rd\u0259 m\u00fcnt\u0259z\u0259m olaraq istifad\u0259 edil\u0259n allergiya \u00fc\u00e7\u00fcn spreyidir.<\/p>\n<ol start=\"2\">\n<li><strong>Q\u0131c\u0131qlanma v\u0259 qurulu\u011fun aradan qald\u0131r\u0131lmas\u0131:<\/strong><\/li>\n<\/ol>\n<p>Burunun selikli qi\u015fas\u0131 quru hava, kondisionerli m\u00fchit, soyuq hava v\u0259 ya kimy\u0259vi madd\u0259l\u0259r\u0259 m\u0259ruz qald\u0131qda q\u0131c\u0131qlana v\u0259 quruya bil\u0259r. <strong>Sinusol\u00ae Ectoine <\/strong>burun spreyi burunun selikli qi\u015fas\u0131n\u0131 n\u0259ml\u0259ndir\u0259r\u0259k qurulu\u011fu v\u0259 q\u0131c\u0131qlanman\u0131 aradan qald\u0131r\u0131r. X\u00fcsusil\u0259 q\u0131\u015f aylar\u0131nda v\u0259 ya kondisionerli m\u00fchitl\u0259rd\u0259 qurulu\u011fun s\u0131x oldu\u011fu zaman istifad\u0259 edilir.<\/p>\n<ol start=\"3\">\n<li><strong>Burunun selikli qi\u015fas\u0131n\u0131n iltihab\u0131 zaman\u0131: <\/strong><\/li>\n<\/ol>\n<p><strong>Ectoine <\/strong>antiiltihab x\u00fcsusiyy\u0259tl\u0259r\u0259 malikdir v\u0259 iltihabl\u0131 \u015f\u0259raitd\u0259 burunun selikli qi\u015fas\u0131n\u0131 yax\u015f\u0131la\u015fd\u0131rma\u011fa k\u00f6m\u0259k edir. Xroniki rinit, sinusit v\u0259 ya burun \u0259m\u0259liyyat\u0131ndan sonra iltihab\u0131n aradan qald\u0131r\u0131lmas\u0131nda x\u00fcsusil\u0259 faydal\u0131d\u0131r. \u0130ltihabi x\u0259st\u0259likl\u0259r v\u0259 ya burunun selikli qi\u015fas\u0131n\u0131n q\u0131c\u0131qlanmas\u0131 hallar\u0131nda istifad\u0259 edilir.<\/p>\n<ol start=\"4\">\n<li><strong>Quru burun v\u0259 qab\u0131qlar\u0131n m\u00fcalic\u0259si zaman\u0131: <\/strong><\/li>\n<\/ol>\n<p><strong>Ectoine<\/strong> burunun selikli qi\u015fas\u0131nda n\u0259ml\u0259ndirici t\u0259siri il\u0259 burundak\u0131 qurulu\u011fu v\u0259 qab\u0131\u011f\u0131 azald\u0131r. Bu, uzun m\u00fcdd\u0259tli burun t\u0131xan\u0131ql\u0131\u011f\u0131 v\u0259 ya infeksiyadan sonra inki\u015faf ed\u0259n selikli qi\u015fa qurulu\u011funu aradan qald\u0131rmaq \u00fc\u00e7\u00fcn x\u00fcsusil\u0259 faydal\u0131d\u0131r. Burunda quruluq hiss edildikd\u0259 v\u0259 ya qab\u0131qlanma hallar\u0131nda istifad\u0259 edilir.<\/p>\n<ol start=\"5\">\n<li><strong>Qoruyucu v\u0259 d\u0259st\u0259kl\u0259yici istifad\u0259:<\/strong><\/li>\n<\/ol>\n<p>Ectoine burunun selikli qi\u015fas\u0131n\u0131n t\u0259bii qoruyucu mexanizml\u0259rini d\u0259st\u0259kl\u0259yir. X\u00fcsusil\u0259 tez-tez hava d\u0259yi\u015fikliyi, soyuq f\u0259sill\u0259r v\u0259 ya \u00e7irkli havaya m\u0259ruz qalma zaman\u0131 burunun selikli qi\u015fas\u0131n\u0131 xarici amill\u0259rd\u0259n qorumaq \u00fc\u00e7\u00fcn istifad\u0259 edilir. Qoruyucu m\u0259qs\u0259dl\u0259r \u00fc\u00e7\u00fcn v\u0259 ya \u0259traf m\u00fchit amill\u0259rin\u0259 m\u0259ruz qald\u0131qda m\u00fcnt\u0259z\u0259m olaraq istifad\u0259 edil\u0259 bil\u0259r.<\/p>\n<p><strong>G\u00f6st\u0259ri\u015fl\u0259r:<\/strong><\/p>\n<ul>\n<li>Allergik rinit (asq\u0131rma, burun tutulmas\u0131, burun ax\u0131nt\u0131s\u0131, burun v\u0259 g\u00f6zl\u0259rd\u0259 qa\u015f\u0131nma v\u0259 q\u0131zart\u0131, sulu g\u00f6z) qar\u015f\u0131s\u0131n\u0131n al\u0131nmas\u0131 v\u0259 aradan qald\u0131r\u0131lmas\u0131 \u00fc\u00e7\u00fcn;<\/li>\n<li>Burunun selikli qi\u015fas\u0131n\u0131n qurumas\u0131n\u0131n v\u0259 q\u0131c\u0131qlanmas\u0131n\u0131n qar\u015f\u0131s\u0131n\u0131 almaq \u00fc\u00e7\u00fcn burun kortikosteroidl\u0259rinin t\u0259tbiqi zaman\u0131;<\/li>\n<li>Xroniki rinit v\u0259 sinuist zaman\u0131 burunun selikli qi\u015fas\u0131n\u0131n iltihap\u0131n\u0131n aradan qald\u0131r\u0131lmas\u0131;<\/li>\n<li>Burun \u0259m\u0259liyyat\u0131ndan sonra iltihab\u0131n aradan qald\u0131r\u0131lmas\u0131nda v\u0259 burunun selikli qi\u015fas\u0131n\u0131n q\u0131c\u0131qlanmas\u0131 qar\u015f\u0131s\u0131n\u0131n al\u0131nmas\u0131;<\/li>\n<li>Burunun selikli qi\u015fas\u0131n\u0131n t\u0259bii yolla qorunmas\u0131 \u00fc\u00e7\u00fcn;<\/li>\n<li>S\u0259yah\u0259t zaman\u0131, m\u0259rk\u0259zi istilik v\u0259 ya kondisionerli otaqlarda qald\u0131qda burun bo\u015flu\u011funun qurumas\u0131 zaman\u0131.<\/li>\n<\/ul>\n<p><strong>\u018fks g\u00f6st\u0259ri\u015fl\u0259r v\u0259 x\u0259b\u0259rdarl\u0131qlar:<\/strong><\/p>\n<p>M\u0259hsulun t\u0259rkibind\u0259 olan h\u0259r hans\u0131 madd\u0259y\u0259 qar\u015f\u0131 f\u0259rdi h\u0259ssasl\u0131q. Nadir hallarda, h\u0259ssas insanlarda allergik reaksiyalar ba\u015f ver\u0259 bil\u0259r. Reaksiyalar m\u00fclayimdir v\u0259 bir qayda olaraq preparat\u0131n istifad\u0259sini dayand\u0131rd\u0131qdan sonra yox olur. <strong>Hamil\u0259lik v\u0259 laktasiya d\u00f6vr\u00fcnd\u0259 istifad\u0259 zaman\u0131 m\u0259hsulun he\u00e7 bir yan t\u0259siri qeyd\u0259 al\u0131nmam\u0131\u015fd\u0131r.<\/strong><\/p>\n<ul>\n<li><strong>Daxil\u0259 q\u0259bul etm\u0259yin<\/strong><strong>;<\/strong><\/li>\n<li><strong>U\u015faqlar b\u00f6y\u00fckl\u0259rin n\u0259zar\u0259ti olmadan istifad\u0259 etm\u0259m\u0259lidir;<\/strong><\/li>\n<li><strong>Gigiyenik s\u0259b\u0259bl\u0259r\u0259 g\u00f6r\u0259, h\u0259r bir \u015f\u0259xsin \u00f6z flakonu olmal\u0131d\u0131r (virus v\u0259 bakteriyalar\u0131n bir \u015f\u0259xsd\u0259n dig\u0259r \u015f\u0259xs\u0259 ke\u00e7m\u0259m\u0259si \u00fc\u00e7\u00fcn).<\/strong><\/li>\n<\/ul>\n<p>&nbsp;<\/p>\n<p><strong>\u0130stifad\u0259 qaydas\u0131:<\/strong><\/p>\n<p><strong>B\u00f6y\u00fckl\u0259r v\u0259 bir ya\u015fdan yuxar\u0131 u\u015faqlar:<\/strong> G\u00fcnd\u0259 bir ne\u00e7\u0259 d\u0259f\u0259 h\u0259r burun d\u0259liyin\u0259 1-2 p\u00fcsk\u00fcrtm\u0259.<\/p>\n<p><strong>Bir ya\u015fa q\u0259d\u0259r u\u015faqlar:<\/strong> G\u00fcnd\u0259 bir ne\u00e7\u0259 d\u0259f\u0259 h\u0259r burun d\u0259liyin\u0259 1 p\u00fcsk\u00fcrtm\u0259.<\/p>\n<p>M\u0259hsulun i\u00e7ind\u0259ki mexaniki sprey pompas\u0131 say\u0259sind\u0259 m\u0259hlul \u00e7ox ki\u00e7ik damc\u0131lar \u015f\u0259klind\u0259 yay\u0131l\u0131r v\u0259 m\u0259hlulun burun d\u0259liyind\u0259n homojen paylanmas\u0131na \u015f\u0259rait yarad\u0131r.<\/p>\n<ul>\n<li>Birinci istifad\u0259d\u0259n \u0259vv\u0259l qoruyucu halqan\u0131 pulvezatorun alt\u0131ndan \u00e7\u0131xar\u0131n;<\/li>\n<li>Flakonu \u015faquli v\u0259ziyy\u0259td\u0259 tutun;<\/li>\n<li>Qoruyucu qapa\u011f\u0131 \u00e7\u0131xar\u0131n v\u0259 ilk sprey g\u00f6r\u00fcn\u0259n\u0259 q\u0259d\u0259r nasosu bir ne\u00e7\u0259 d\u0259f\u0259 bas\u0131n;<\/li>\n<li>Eyni zamanda flakonu \u015faquli tutun. Ba\u015f\u0131n\u0131z\u0131 arxaya s\u00f6yk\u0259m\u0259d\u0259n p\u00fcsk\u00fcrd\u00fcn;<\/li>\n<li>P\u00fcsk\u00fcrtm\u0259 zaman\u0131 burunla y\u00fcng\u00fcl n\u0259f\u0259s al\u0131n;<\/li>\n<li>\u0130stifad\u0259d\u0259n sonra nasosun uclu\u011funu salfet il\u0259 t\u0259mizl\u0259y\u0259r\u0259k qoruyucu qapa\u011f\u0131 uclu\u011fa taxmaq laz\u0131md\u0131r.<\/li>\n<\/ul>\n<p><strong>Saxlanma \u015f\u0259raiti:\u00a0 <\/strong><strong>Sinusol\u00ae Ectoin<\/strong> burun spreyini \u00f6z qabla\u015fd\u0131rmas\u0131nda 25\u00b0C-d\u0259n a\u015fa\u011f\u0131 temperaturda, quru, r\u00fctub\u0259tsiz, birba\u015fa g\u00fcn \u015f\u00fcalar\u0131 d\u00fc\u015fm\u0259y\u0259n v\u0259 <strong>U\u015faqlar\u0131n \u0259li \u00e7atmayan yerd\u0259 saxlay\u0131n.<\/strong> Flakon dik v\u0259ziyy\u0259td\u0259, ba\u011fl\u0131 halda saxlan\u0131lmal\u0131d\u0131r.<\/p>\n<p><strong>Yararl\u0131l\u0131q m\u00fcdd\u0259ti:<\/strong> 3 il, Flakon a\u00e7\u0131ld\u0131qdan sonra m\u0259hsulun 6 h\u0259ft\u0259 \u0259rzind\u0259 istifad\u0259 edilm\u0259si t\u00f6vsiy\u0259 olunur.<\/p>\n<p><strong>Burax\u0131l\u0131\u015f formas\u0131:<\/strong> 50ml-lik flakonda m\u0259hlul, burun \u00fc\u00e7\u00fcn nasos dozator v\u0259 istifad\u0259 t\u0259limat\u0131 il\u0259 birg\u0259, karton qutu qabla\u015fmada.<\/p>\n<p><strong>Qeydiyyat \u2116\u00a0<\/strong> 650\/25 (Tarix:04.09.2025)<\/p>","protected":false},"excerpt":{"rendered":"<p>10 ild\u0259n art\u0131qd\u0131r ki, Avropa bazar\u0131nda sat\u0131lan\u00a0\u201cSinusol\u00ae Ectoine\u201d burun\u00a0spreyi laborator t\u0259dqiqatlardan ke\u00e7\u0259r\u0259k uzun ill\u0259rdir ki, \u0259n y\u00fcks\u0259k s\u0259viyy\u0259d\u0259 m\u00fc\u015ft\u0259ril\u0259r\u0259 t\u0259qdim olunur. Sinusol\u00ae Ectoine d\u0259niz duzunun izotonik m\u0259hlulu v\u0259 ectoine il\u0259&hellip;<\/p>","protected":false},"featured_media":26095,"template":"","meta":[],"product_cat":[249,245],"product_tag":[],"class_list":["post-26057","product","type-product","status-publish","has-post-thumbnail","hentry","product_cat-butun-mhsullar","product_cat-lor"],"_links":{"self":[{"href":"https:\/\/himmel.az\/en\/wp-json\/wp\/v2\/product\/26057","targetHints":{"allow":["GET"]}}],"collection":[{"href":"https:\/\/himmel.az\/en\/wp-json\/wp\/v2\/product"}],"about":[{"href":"https:\/\/himmel.az\/en\/wp-json\/wp\/v2\/types\/product"}],"version-history":[{"count":7,"href":"https:\/\/himmel.az\/en\/wp-json\/wp\/v2\/product\/26057\/revisions"}],"predecessor-version":[{"id":26180,"href":"https:\/\/himmel.az\/en\/wp-json\/wp\/v2\/product\/26057\/revisions\/26180"}],"wp:featuredmedia":[{"embeddable":true,"href":"https:\/\/himmel.az\/en\/wp-json\/wp\/v2\/media\/26095"}],"wp:attachment":[{"href":"https:\/\/himmel.az\/en\/wp-json\/wp\/v2\/media?parent=26057"}],"wp:term":[{"taxonomy":"product_cat","embeddable":true,"href":"https:\/\/himmel.az\/en\/wp-json\/wp\/v2\/product_cat?post=26057"},{"taxonomy":"product_tag","embeddable":true,"href":"https:\/\/himmel.az\/en\/wp-json\/wp\/v2\/product_tag?post=26057"}],"curies":[{"name":"wp","href":"https:\/\/api.w.org\/{rel}","templated":true}]}}