{"id":26062,"date":"2024-10-09T15:22:53","date_gmt":"2024-10-09T11:22:53","guid":{"rendered":"https:\/\/himmel.az\/?post_type=product&#038;p=26062"},"modified":"2025-09-22T16:36:36","modified_gmt":"2025-09-22T12:36:36","slug":"sinusol-panthenol","status":"publish","type":"product","link":"https:\/\/himmel.az\/en\/mehsul\/sinusol-panthenol\/","title":{"rendered":"Sinusol\u00ae Panthenol"},"content":{"rendered":"<p><strong>10 ild\u0259n art\u0131qd\u0131r ki, Avropa bazar\u0131nda sat\u0131lan\u00a0<\/strong><strong>\u201cSinusol\u00ae Panthenol\u201d <\/strong><strong>burun spreyi laborator t\u0259dqiqatlardan ke\u00e7\u0259r\u0259k uzun ill\u0259rdir ki, \u0259n y\u00fcks\u0259k s\u0259viyy\u0259d\u0259 m\u00fc\u015ft\u0259ril\u0259r\u0259 t\u0259qdim olunur.<\/strong><\/p>\n<p><strong>Sinusol\u00ae Panthenol<\/strong> burun spreyi <strong>Dexpanthenol <\/strong>il\u0259 z\u0259nginl\u0259\u015fdirilmi\u015f <strong>izotonik d\u0259niz duzu<\/strong> m\u0259hluludur.<\/p>\n<p>T\u0259rkibind\u0259 \u0130zotonik d\u0259niz duzu v\u0259 Dexpanthenol olan <strong>Sinusol\u00ae Panthenol<\/strong> burun spreyi burunun selikli qi\u015fas\u0131n\u0131 n\u0259ml\u0259ndirm\u0259k, q\u0131c\u0131qlanmas\u0131n\u0131 aradan qald\u0131rmaq, b\u0259rpa etm\u0259k v\u0259 sa\u011falmas\u0131n\u0131 s\u00fcr\u0259tl\u0259ndirm\u0259k \u00fc\u00e7\u00fcn istifad\u0259 olunur. Dekspantenol vitamin B5-in s\u0259l\u0259fi olan v\u0259 d\u0259rinin v\u0259 selikli qi\u015fan\u0131n b\u0259rpas\u0131n\u0131 v\u0259 h\u00fcceyr\u0259 b\u0259rpas\u0131n\u0131 d\u0259st\u0259kl\u0259y\u0259n birl\u0259\u015fm\u0259dir. X\u00fcsusil\u0259 quru v\u0259 ya q\u0131c\u0131qlanm\u0131\u015f burun toxumalar\u0131na rahatl\u0131q verir v\u0259 burun \u0259m\u0259liyyatlar\u0131ndan sonra toxumalar\u0131n b\u0259rpas\u0131na k\u00f6m\u0259k edir.<\/p>\n<p><strong>Sinusol\u00ae Panthenol<\/strong> Burun spreyinin istifad\u0259 sah\u0259l\u0259ri:<\/p>\n<ol>\n<li><strong>Burunun selikli qi\u015fas\u0131n\u0131n n\u0259ml\u0259ndirilm\u0259si v\u0259 t\u0259mizl\u0259nm\u0259si:\u00a0 \u00a0<\/strong><\/li>\n<\/ol>\n<p>\u0130zotonik d\u0259niz suyu t\u0259bii olaraq burunun selikli qi\u015fas\u0131n\u0131 n\u0259ml\u0259ndirir v\u0259 selik, allergen v\u0259 toz kimi madd\u0259l\u0259rin t\u0259mizl\u0259nm\u0259sin\u0259 k\u00f6m\u0259k edir. Dexpanthenol burunun selikli qi\u015fas\u0131n\u0131 b\u0259rpa edir v\u0259 onun n\u0259m s\u0259viyy\u0259sini saxlay\u0131r. Quru hava, kondisioner, tozlu m\u00fchit v\u0259 ya soyuq hava kimi amill\u0259r burunun selikli qi\u015fas\u0131n\u0131 quruda bil\u0259r. T\u0259rkibind\u0259 Dexpanthenol olan <strong style=\"font-size: 16px; letter-spacing: 0px;\">Sinusol\u00ae Panthenol<\/strong><span style=\"font-size: 16px; letter-spacing: 0px;\"> burunun selikli qi\u015fas\u0131n\u0131 n\u0259ml\u0259ndir\u0259r\u0259k qurulu\u011fun qar\u015f\u0131s\u0131n\u0131 al\u0131r v\u0259 burnun i\u00e7ini sa\u011flam saxlama\u011fa k\u00f6m\u0259k edir.<\/span><\/p>\n<ol start=\"2\">\n<li><strong>Burun \u0259m\u0259liyyat\u0131 sonras\u0131 qulluq:<\/strong><\/li>\n<\/ol>\n<p>Rinoplastika, septoplastika v\u0259 ya dig\u0259r burun \u0259m\u0259liyyat\u0131 sonras\u0131 burun toxumalar\u0131 h\u0259ssas olur. \u0130zotonik d\u0259niz suyu burun ke\u00e7idl\u0259rini t\u0259miz saxlay\u0131r, dekspantenol is\u0259 \u0259m\u0259liyyatdan sonra toxumalar\u0131n sa\u011falmas\u0131n\u0131 d\u0259st\u0259kl\u0259y\u0259r\u0259k burundaxili toxumalar\u0131n s\u00fcr\u0259tli b\u0259rpas\u0131na k\u00f6m\u0259k edir.<\/p>\n<ol start=\"3\">\n<li><strong>Soyuqd\u0259ym\u0259 v\u0259 Sinusit zaman\u0131 d\u0259st\u0259k:<\/strong><\/li>\n<\/ol>\n<p>Soyuqd\u0259ym\u0259 v\u0259 sinusit zaman\u0131 burun tutulmas\u0131, quruluq v\u0259 qab\u0131qlanma kimi probleml\u0259r yarana bil\u0259r. \u0130zotonik d\u0259niz suyu burunun i\u00e7ini t\u0259mizl\u0259diyi halda, dekspantenol iltihab\u0131 aradan qald\u0131r\u0131r v\u0259 sa\u011falma prosesini s\u00fcr\u0259tl\u0259ndirir. H\u0259m\u00e7inin u\u015faqlar\u0131n qrip v\u0259 soyuqd\u0259ym\u0259si zaman\u0131 istifad\u0259 edil\u0259 bil\u0259r.<\/p>\n<ol start=\"4\">\n<li><strong>Burun qurulu\u011funun v\u0259 burun daxili qab\u0131qlanman\u0131n m\u00fcalic\u0259si:<\/strong><\/li>\n<\/ol>\n<p>Dekspantenol burundak\u0131 qurulu\u011fu aradan qald\u0131r\u0131r, izotonik d\u0259niz suyu is\u0259 qab\u0131qlanman\u0131n qar\u015f\u0131s\u0131n\u0131 al\u0131r v\u0259 burunun i\u00e7ini yum\u015faq bir \u015f\u0259kild\u0259 t\u0259mizl\u0259yir. X\u00fcsusil\u0259 uzun m\u00fcdd\u0259tli burun t\u0131xan\u0131ql\u0131\u011f\u0131 v\u0259 t\u0259n\u0259ff\u00fcs \u00e7\u0259tinliyi olan x\u0259st\u0259l\u0259rd\u0259 t\u0259sirli olur.<\/p>\n<p><strong>\u00a0<\/strong><\/p>\n<p><strong>G\u00f6st\u0259ri\u015fl\u0259r:<\/strong><\/p>\n<ul>\n<li>G\u00fcnd\u0259lik burun gigiyenas\u0131 \u00fc\u00e7\u00fcn;<\/li>\n<li>Z\u0259d\u0259l\u0259nmi\u015f selikli qi\u015fan\u0131n epitelizasiyas\u0131n\u0131 t\u0259min etm\u0259k \u00fc\u00e7\u00fcn (vazokonstriktorlar\u0131n istifad\u0259sind\u0259n sonra);<\/li>\n<li>Burun \u0259m\u0259liyyat\u0131ndan sonra selikli qi\u015fan\u0131n epitelizasiyas\u0131n\u0131 t\u0259min etm\u0259k \u00fc\u00e7\u00fcn;<\/li>\n<li>T\u0259n\u0259ff\u00fcs yollar\u0131n\u0131n t\u0131xanmas\u0131 zaman\u0131, virus m\u0259n\u015f\u0259li soyuqd\u0259ym\u0259l\u0259rd\u0259 v\u0259 allergik asq\u0131rmalarda;<\/li>\n<li>Normal fizioloji funksiyas\u0131 pozulmu\u015f selikli qi\u015fan\u0131n qurumas\u0131 v\u0259 q\u0131c\u0131qlanmas\u0131 zaman\u0131;<\/li>\n<li>S\u0259yah\u0259t zaman\u0131, m\u0259rk\u0259zi istilik v\u0259 ya kondisionerli otaqlarda qald\u0131qda burun bo\u015flu\u011funun qurumas\u0131 zaman\u0131;<\/li>\n<li>Salfetl\u0259rin tez-tez istifad\u0259si s\u0259b\u0259bind\u0259n burun \u0259traf\u0131ndak\u0131 d\u0259rinin q\u0131c\u0131qlanmas\u0131 zaman\u0131;<\/li>\n<li>Pirsinqd\u0259n sonra.<\/li>\n<\/ul>\n<p><strong>\u0130stifad\u0259 qaydas\u0131:<\/strong><\/p>\n<p><strong>B\u00f6y\u00fckl\u0259r v\u0259 bir ya\u015fdan yuxar\u0131 u\u015faqlar:<\/strong> G\u00fcnd\u0259 bir ne\u00e7\u0259 d\u0259f\u0259 h\u0259r burun d\u0259liyin\u0259 1-2 p\u00fcsk\u00fcrtm\u0259 (ehtiyac olduqda).<\/p>\n<p><strong>Bir ya\u015fa q\u0259d\u0259r u\u015faqlar:<\/strong> G\u00fcnd\u0259 bir ne\u00e7\u0259 d\u0259f\u0259 h\u0259r burun d\u0259liyin\u0259 1 p\u00fcsk\u00fcrtm\u0259 (ehtiyac olduqda).<\/p>\n<p>M\u0259hsulun i\u00e7ind\u0259ki mexaniki sprey pompas\u0131 say\u0259sind\u0259 m\u0259hlul \u00e7ox ki\u00e7ik damc\u0131lar \u015f\u0259klind\u0259 yay\u0131l\u0131r v\u0259 m\u0259hlulun burun d\u0259liyind\u0259n homojen paylanmas\u0131na \u015f\u0259rait yarad\u0131r.<\/p>\n<ul>\n<li>Birinci istifad\u0259d\u0259n \u0259vv\u0259l qoruyucu halqan\u0131 pulvezatorun alt\u0131ndan \u00e7\u0131xar\u0131n;<\/li>\n<li>Flakonu \u015faquli v\u0259ziyy\u0259td\u0259 tutun;<\/li>\n<li>Qoruyucu qapa\u011f\u0131 \u00e7\u0131xar\u0131n v\u0259 ilk sprey g\u00f6r\u00fcn\u0259n\u0259 q\u0259d\u0259r spreyi bir ne\u00e7\u0259 d\u0259f\u0259 s\u0131x\u0131n;<\/li>\n<li>Eyni zamanda flakonu \u015faquli tutun. Ba\u015f\u0131n\u0131z\u0131 arxaya s\u00f6yk\u0259m\u0259d\u0259n p\u00fcsk\u00fcrd\u00fcn;<\/li>\n<li>P\u00fcsk\u00fcrtm\u0259 zaman\u0131 burunla y\u00fcng\u00fcl n\u0259f\u0259s al\u0131n;<\/li>\n<li>\u0130stifad\u0259d\u0259n sonra spreyin uclu\u011funu salfet il\u0259 t\u0259mizl\u0259y\u0259r\u0259k qoruyucu qapa\u011f\u0131 taxmaq laz\u0131md\u0131r.<\/li>\n<\/ul>\n<p><strong>Sinusol\u00ae Panthenol<\/strong> burun spreyi yax\u015f\u0131 tolerantl\u0131\u011fa malikdir (burunun selikli qi\u015fas\u0131n\u0131 q\u0131c\u0131qland\u0131rm\u0131r v\u0259 sancm\u0131r, h\u0259tta iltihab zaman\u0131 v\u0259 x\u00fcsusi h\u0259ssas olduqda bel\u0259). Spreyin t\u00f6vsiy\u0259 olunan istifad\u0259 m\u00fcdd\u0259tind\u0259 he\u00e7 bir yan t\u0259siri olmur. M\u0259hsuldan istifad\u0259 zaman\u0131 he\u00e7 bir ehtiyat t\u0259dbirinin g\u00f6zl\u0259nilm\u0259sin\u0259 ehtiyac olmur. <strong>Sinusol\u00ae Panthenol<\/strong> burun spreyi h\u0259m u\u015faqlar, h\u0259m d\u0259 b\u00f6y\u00fckl\u0259rin istifad\u0259si \u00fc\u00e7\u00fcn uy\u011fundur. <strong>Hamil\u0259lik v\u0259 laktasiya d\u00f6vr\u00fcnd\u0259 istifad\u0259 zaman\u0131 m\u0259hsulun he\u00e7 bir yan t\u0259siri qeyd\u0259 al\u0131nmam\u0131\u015fd\u0131r.<\/strong><\/p>\n<p><strong>Saxlanma \u015f\u0259raiti: <\/strong><\/p>\n<p><strong>Sinusol\u00ae Panthenol<\/strong> spreyini \u00f6z qabla\u015fd\u0131rmas\u0131nda 25\u00b0C-d\u0259n a\u015fa\u011f\u0131 temperaturda, quru, r\u00fctub\u0259tsiz, birba\u015fa g\u00fcn \u015f\u00fcalar\u0131 d\u00fc\u015fm\u0259y\u0259n v\u0259 <strong>U\u015faqlar\u0131n \u0259li \u00e7atmayan yerd\u0259 saxlay\u0131n.<\/strong> \u015e\u00fc\u015f\u0259 dik v\u0259ziyy\u0259td\u0259, ba\u011fl\u0131 halda saxlan\u0131lmal\u0131d\u0131r.<\/p>\n<p><strong>Yararl\u0131l\u0131q m\u00fcdd\u0259ti:<\/strong> 3 il, Flakon a\u00e7\u0131ld\u0131qdan sonra m\u0259hsul 6 h\u0259ft\u0259 \u0259rzind\u0259 istifad\u0259 edilm\u0259si t\u00f6vsiy\u0259 olunur.<\/p>\n<p><strong>Burax\u0131l\u0131\u015f formas\u0131:<\/strong> 50ml-lik flakonda m\u0259hlul, burun \u00fc\u00e7\u00fcn nasos dozator v\u0259 istifad\u0259 t\u0259limat\u0131 il\u0259 birg\u0259, karton qutu qabla\u015fmada.<\/p>\n<p><strong>Gigiyenik sertikat:<\/strong> AZ031RSK17666<\/p>","protected":false},"excerpt":{"rendered":"<p>10 ild\u0259n art\u0131qd\u0131r ki, Avropa bazar\u0131nda sat\u0131lan\u00a0\u201cSinusol\u00ae Panthenol\u201d burun spreyi laborator t\u0259dqiqatlardan ke\u00e7\u0259r\u0259k uzun ill\u0259rdir ki, \u0259n y\u00fcks\u0259k s\u0259viyy\u0259d\u0259 m\u00fc\u015ft\u0259ril\u0259r\u0259 t\u0259qdim olunur. Sinusol\u00ae Panthenol burun spreyi Dexpanthenol il\u0259 z\u0259nginl\u0259\u015fdirilmi\u015f izotonik&hellip;<\/p>","protected":false},"featured_media":26093,"template":"","meta":[],"product_cat":[249,245],"product_tag":[],"class_list":["post-26062","product","type-product","status-publish","has-post-thumbnail","hentry","product_cat-butun-mhsullar","product_cat-lor"],"_links":{"self":[{"href":"https:\/\/himmel.az\/en\/wp-json\/wp\/v2\/product\/26062","targetHints":{"allow":["GET"]}}],"collection":[{"href":"https:\/\/himmel.az\/en\/wp-json\/wp\/v2\/product"}],"about":[{"href":"https:\/\/himmel.az\/en\/wp-json\/wp\/v2\/types\/product"}],"version-history":[{"count":5,"href":"https:\/\/himmel.az\/en\/wp-json\/wp\/v2\/product\/26062\/revisions"}],"predecessor-version":[{"id":26085,"href":"https:\/\/himmel.az\/en\/wp-json\/wp\/v2\/product\/26062\/revisions\/26085"}],"wp:featuredmedia":[{"embeddable":true,"href":"https:\/\/himmel.az\/en\/wp-json\/wp\/v2\/media\/26093"}],"wp:attachment":[{"href":"https:\/\/himmel.az\/en\/wp-json\/wp\/v2\/media?parent=26062"}],"wp:term":[{"taxonomy":"product_cat","embeddable":true,"href":"https:\/\/himmel.az\/en\/wp-json\/wp\/v2\/product_cat?post=26062"},{"taxonomy":"product_tag","embeddable":true,"href":"https:\/\/himmel.az\/en\/wp-json\/wp\/v2\/product_tag?post=26062"}],"curies":[{"name":"wp","href":"https:\/\/api.w.org\/{rel}","templated":true}]}}