{"id":26066,"date":"2024-10-10T14:00:42","date_gmt":"2024-10-10T10:00:42","guid":{"rendered":"https:\/\/himmel.az\/?post_type=product&#038;p=26066"},"modified":"2025-09-24T16:46:54","modified_gmt":"2025-09-24T12:46:54","slug":"oto-perfect-aqua-acida","status":"publish","type":"product","link":"https:\/\/himmel.az\/en\/mehsul\/oto-perfect-aqua-acida\/","title":{"rendered":"Oto Perfect\u00ae Aqua Acida (Qulaq spreyi)"},"content":{"rendered":"<p><strong>10 ild\u0259n art\u0131qd\u0131r ki, Avropa bazar\u0131nda sat\u0131lan\u00a0<\/strong><strong>\u201cOto Perfect\u00ae Aqua Acida\u201d <\/strong><strong>qulaq spreyi laborator t\u0259dqiqatlardan ke\u00e7\u0259r\u0259k uzun ill\u0259rdir ki, \u0259n y\u00fcks\u0259k s\u0259viyy\u0259d\u0259 m\u00fc\u015ft\u0259ril\u0259r\u0259 t\u0259qdim olunur.<\/strong><\/p>\n<p><strong>Oto Perfect\u00ae Aqua Acid qulaq spreyi:<\/strong> <strong>Acetic Acid (sirk\u0259 tur\u015fusu)<\/strong>, <strong>izopropil spirt<\/strong> v\u0259 <strong>Dexpanthenol<\/strong> t\u0259rkibi il\u0259 qulaqda g\u00f6b\u0259l\u0259k v\u0259 bakteriya m\u0259n\u015f\u0259li infeksiyalar\u0131n\u0131n qar\u015f\u0131s\u0131n\u0131 almaq, qulaq kanallar\u0131n\u0131 t\u0259mizl\u0259m\u0259k v\u0259 q\u0131c\u0131qlanman\u0131 azaltmaq \u00fc\u00e7\u00fcn istifad\u0259 olunur. H\u0259r bir komponent m\u00fcxt\u0259lif yollarla qulaq sa\u011flaml\u0131\u011f\u0131n\u0131 d\u0259st\u0259kl\u0259yir. X\u00fcsusil\u0259 \u00fczg\u00fc\u00e7\u00fcl\u0259r, tez-tez su il\u0259 t\u0259masda olan v\u0259 qulaq infeksiyas\u0131 riski olan insanlar \u00fc\u00e7\u00fcn t\u0259sirli bir h\u0259lldir.<\/p>\n<p><strong>\u00a0<\/strong><strong>Acetic Acid (Sirk\u0259 tur\u015fusu) &#8211; Antibakterial v\u0259 Antifungal:<\/strong> Acetic acid qulaq kanal\u0131nda bakteriya v\u0259 g\u00f6b\u0259l\u0259kl\u0259rin artmas\u0131n\u0131n qar\u015f\u0131s\u0131n\u0131 al\u0131r. Qulaq infeksiyalar\u0131n\u0131n, x\u00fcsus\u0259n d\u0259 otitis externa (xarici otit) kimi xarici qulaq infeksiyalar\u0131n\u0131n qar\u015f\u0131s\u0131n\u0131 almaq v\u0259 ya m\u00fcalic\u0259 etm\u0259k \u00fc\u00e7\u00fcn istifad\u0259 olunur.<\/p>\n<p><strong>Isopropyl Alcohol (\u0130zopropil Spirt) &#8211;<\/strong> <strong>Qurutma effekti: <\/strong>\u0130zopropil spirti qulaq kanal\u0131ndak\u0131 art\u0131q n\u0259mi qurudur. Su il\u0259 t\u0259masdan sonra (\u00fczg\u00fc\u00e7\u00fcl\u00fck v\u0259 ya du\u015f q\u0259bulu) qulaq kanal\u0131nda qalan n\u0259mi aradan qald\u0131raraq qulaqda gobelek v\u0259 bakteriya art\u0131m\u0131n\u0131n qar\u015f\u0131s\u0131n\u0131 al\u0131r.<\/p>\n<p><strong>Dexpanthenol &#8211;<\/strong> <strong>N\u0259ml\u0259ndirici v\u0259 M\u00fcalic\u0259vi: <\/strong>Dexpanthenol\u00a0d\u0259ri baryerini g\u00fccl\u0259ndirir, qulaq kanal\u0131n\u0131n d\u0259risini n\u0259ml\u0259ndirir v\u0259 q\u0131c\u0131qlanman\u0131 azald\u0131r. H\u0259m\u00e7inin d\u0259rinin sa\u011falma prosesini s\u00fcr\u0259tl\u0259ndir\u0259r\u0259k q\u0131c\u0131qlanm\u0131\u015f v\u0259 ya z\u0259d\u0259l\u0259nmi\u015f qulaq kanal\u0131n\u0131n b\u0259rpas\u0131na k\u00f6m\u0259k edir.<\/p>\n<p><strong>N\u0259 vaxt istifad\u0259 etm\u0259li?<\/strong><\/p>\n<ol>\n<li><strong>Qulaq infeksiyalar\u0131n\u0131n qar\u015f\u0131s\u0131n\u0131n al\u0131nmas\u0131 v\u0259 ya m\u00fcalic\u0259si (Otitis Externa):<\/strong><\/li>\n<\/ol>\n<p>Qulaq kanal\u0131nda infeksiyalar (x\u00fcsusil\u0259 xarici otit) qulaq kanal\u0131nda bakterial v\u0259 ya g\u00f6b\u0259l\u0259k art\u0131m\u0131 s\u0259b\u0259bind\u0259n ba\u015f ver\u0259 bil\u0259r. Sirk\u0259 tur\u015fusu bakteriya v\u0259 g\u00f6b\u0259l\u0259kl\u0259rin art\u0131m\u0131n\u0131n 03qar\u015f\u0131s\u0131n\u0131 al\u0131r v\u0259 m\u00f6vcud infeksiyan\u0131 m\u00fcalic\u0259 edir. Qulaqda infeksiya \u0259lam\u0259tl\u0259ri (qa\u015f\u0131nma, a\u011fr\u0131, ax\u0131nt\u0131) olduqda istifad\u0259 edilir.<\/p>\n<ol start=\"2\">\n<li><strong>\u00dczg\u00fc\u00e7\u00fcl\u00fckd\u0259n v\u0259 ya su il\u0259 t\u0259masdan sonra (\u00dczg\u00fc\u00e7\u00fc qula\u011f\u0131 riski): <\/strong><\/li>\n<\/ol>\n<p>\u00dczg\u00fc\u00e7\u00fcl\u00fck v\u0259 ya du\u015f q\u0259bul etdikd\u0259n sonra qulaq kanal\u0131nda su qala bil\u0259r v\u0259 bel\u0259 m\u00fchitd\u0259 bakteriya v\u0259 ya g\u00f6b\u0259l\u0259kl\u0259r s\u00fcr\u0259tl\u0259 inki\u015faf edir. \u0130zopropil spirti suyu buxarlayaraq qula\u011f\u0131 qurudur, sirk\u0259 tur\u015fusu is\u0259 bakterial infeksiyalar\u0131n qar\u015f\u0131s\u0131n\u0131 al\u0131r. \u00dczg\u00fc\u00e7\u00fcl\u00fck, d\u0259niz, hovuz, du\u015f v\u0259 ya su idmanlar\u0131ndan sonra istifad\u0259 ed\u0259r\u0259k, &#8220;xarici otit&#8221; riskini azalda bil\u0259rsiniz.<\/p>\n<ol start=\"3\">\n<li><strong>Qulaq kanallar\u0131n\u0131n t\u0259mizl\u0259nm\u0259si v\u0259 n\u0259ml\u0259ndirilm\u0259si:<\/strong><\/li>\n<\/ol>\n<p>Dexpanthenol\u00a0qulaq kanal\u0131nda q\u0131c\u0131qlanman\u0131 aradan qald\u0131rmaq v\u0259 qurulu\u011fu v\u0259 ya qa\u015f\u0131nman\u0131 aradan qald\u0131rmaq \u00fc\u00e7\u00fcn d\u0259rini n\u0259ml\u0259ndirir v\u0259 b\u0259rpa edir. Qulaqda quruluq, qa\u015f\u0131nt\u0131 v\u0259 ya q\u0131c\u0131qlanma olduqda istifad\u0259 edilir. Qulaq qurulu\u011fu, qa\u015f\u0131nt\u0131 v\u0259 ya q\u0131c\u0131qlanma olduqda istifad\u0259 edilir.<\/p>\n<ol start=\"4\">\n<li><strong>Qulaq kanal\u0131n\u0131n h\u0259ddind\u0259n art\u0131q n\u0259md\u0259n qorunmas\u0131:<\/strong><\/li>\n<\/ol>\n<p>R\u00fctub\u0259tli m\u00fchitl\u0259rd\u0259 (m\u0259s\u0259l\u0259n: \u00fczg\u00fc\u00e7\u00fcl\u0259r, idman\u00e7\u0131lar) v\u0259 ya daim su il\u0259 t\u0259masda olan insanlarda qulaq infeksiyas\u0131 riski art\u0131r. Oto Perfect\u00ae Aqua Acid spreyi qulaq kanal\u0131nda n\u0259mliyi azald\u0131r v\u0259 infeksiya riskini azald\u0131r. M\u00fcnt\u0259z\u0259m su il\u0259 t\u0259masda olan insanlar t\u0259r\u0259find\u0259n profilaktik olaraq istifad\u0259 edil\u0259 bil\u0259r.<\/p>\n<p>&nbsp;<\/p>\n<p><strong>\u0130stifad\u0259 g\u00f6st\u0259ri\u015fl\u0259ri:<\/strong><\/p>\n<ul>\n<li>Qulaq gigiyenas\u0131n\u0131 qorumaq \u00fc\u00e7\u00fcn<\/li>\n<li>Xarici qulaq kanal\u0131n\u0131n bakterial, g\u00f6b\u0259l\u0259k m\u0259n\u015f\u0259li v\u0259 infeksiyalar\u0131n m\u00fcalic\u0259si \u00fc\u00e7\u00fcn (otitis externa (xarici otit) &#8211; \u201c\u00fczg\u00fc\u00e7\u00fc qula\u011f\u0131\u201d, otomikoz)<\/li>\n<li>Qulaq kanal\u0131na su y\u0131\u011f\u0131lmas\u0131 (\u00fczg\u00fc\u00e7\u00fcl\u00fck, du\u015f q\u0259bulu, r\u00fctub\u0259tli yerd\u0259 qalma, su \u0259sasl\u0131 qulaq t\u0259mizl\u0259yicil\u0259rind\u0259n qeyri-adekvat istifad\u0259 zaman\u0131) hal\u0131nda<\/li>\n<\/ul>\n<p><strong>\u018fks g\u00f6st\u0259ri\u015fl\u0259r: <\/strong><\/p>\n<ul>\n<li>Qulaq p\u0259rd\u0259sind\u0259 y\u0131rt\u0131q v\u0259 ya qulaq p\u0259rd\u0259sinin olmamas\u0131 hal\u0131nda<\/li>\n<li>Qulaq kanal\u0131n\u0131n z\u0259d\u0259l\u0259nm\u0259si zaman\u0131<\/li>\n<li>M\u0259hsulun h\u0259r hans\u0131 inqrediyentin\u0259 qar\u015f\u0131 y\u00fcks\u0259k h\u0259ssasl\u0131q hal\u0131nda<\/li>\n<li>\u00dc\u00e7 ya\u015fdan ki\u00e7ik u\u015faqlarda<\/li>\n<\/ul>\n<p><strong>\u00a0<\/strong><\/p>\n<p><strong>\u0130stifad\u0259 qaydas\u0131:<\/strong><\/p>\n<p>\u0130lk istifad\u0259d\u0259n \u0259vv\u0259l m\u0259hlul g\u00f6rs\u0259n\u0259n\u0259 q\u0259d\u0259r spreyi bir ne\u00e7\u0259 d\u0259f\u0259 p\u00fcsk\u00fcrd\u00fcn. Spreyin flakonunu \u0259linizin i\u00e7ind\u0259 q\u0131zd\u0131r\u0131n (1 d\u0259qiq\u0259). Ba\u015f\u0131n\u0131z\u0131 yan t\u0259r\u0259f\u0259 \u0259yib spreyi qula\u011f\u0131n\u0131za yax\u0131nla\u015fd\u0131raraq 1 p\u00fcsk\u00fcrtm\u0259 edin. Ba\u015f\u0131n\u0131z\u0131 \u0259yili v\u0259ziyy\u0259td\u0259 saxl\u0131yaraq 5 d\u0259qiq\u0259 g\u00f6zl\u0259yin. Sonra ba\u015f\u0131n\u0131z\u0131 d\u00fcz\u0259ld\u0259r\u0259k m\u0259hlulun qula\u011f\u0131n\u0131zdan bo\u015fald\u0131lmas\u0131na icaz\u0259 verin v\u0259 qula\u011f\u0131 yum\u015faq bir \u015f\u0259kild\u0259 silin. U\u015faqlarda qula\u011f\u0131 yum\u015faq bir \u015f\u0259kild\u0259 geri \u00e7\u0259kin, sonra spreyi p\u00fcsk\u00fcrd\u00fcn.<\/p>\n<ul>\n<li>Xarici qulaq kanal\u0131 infeksiyalar\u0131 (\u201c\u00fczg\u00fc\u00e7\u00fc qula\u011f\u0131\u201d v\u0259 ya qulaqda su y\u0131\u011f\u0131lmas\u0131) zaman\u0131 g\u00fcnd\u0259 3 d\u0259f\u0259 1 p\u00fcsk\u00fcrtm\u0259 (b\u00f6y\u00fckl\u0259rd\u0259 laz\u0131m olduqda daha \u00e7ox)<\/li>\n<li>Xarici qulaq kanal\u0131nda infeksiyalar\u0131n v\u0259 suyun y\u0131\u011f\u0131lmas\u0131n\u0131n qar\u015f\u0131s\u0131n\u0131 almaq \u00fc\u00e7\u00fcn h\u0259ft\u0259d\u0259 2-3 d\u0259f\u0259 1 p\u00fcsk\u00fcrtm\u0259<\/li>\n<\/ul>\n<p>&nbsp;<\/p>\n<p><strong>Oto Perfect aqua Acid qulaq spreyind\u0259n istifad\u0259nin \u00fcst\u00fcnl\u00fckl\u0259ri:<\/strong><\/p>\n<ul>\n<li>Sprey formas\u0131nda olmas\u0131 s\u0259b\u0259bind\u0259n m\u0259hsul ayaq \u00fcst\u0259 v\u0259 ya oturmu\u015f v\u0259ziyy\u0259td\u0259 istifad\u0259 oluna bil\u0259r ki, bu da rahat istifad\u0259 etm\u0259y\u0259 imkan verir.<\/li>\n<li>Sprey qulaq kanal\u0131na b\u0259rab\u0259r \u015f\u0259kild\u0259 yay\u0131l\u0131r.<\/li>\n<li>\u0130stifad\u0259d\u0259n sonra qulaqlar\u0131 yaxalama\u011fa ehtiyac yoxdur.<\/li>\n<\/ul>\n<p><strong>Ehtiyat t\u0259dbirl\u0259ri: <\/strong>Sprey b\u0259zi insanlarda xarici qulaq kanal\u0131nda ke\u00e7ici bir yanma, qa\u015f\u0131nma v\u0259 ya d\u0259rinin q\u0131zart\u0131 hissi \u015f\u0259klind\u0259 y\u00fcng\u00fcl q\u0131c\u0131qlanmas\u0131na s\u0259b\u0259b ola bil\u0259r. Sprey\u0259 allergik reaksiya v\u0259 ya a\u011fr\u0131 olduqda istifad\u0259ni dayand\u0131r\u0131n v\u0259 h\u0259kim\u0259 m\u00fcraci\u0259t edin.<\/p>\n<p><strong>Saxlanma \u015f\u0259raiti: <\/strong>Spreyi qabla\u015fd\u0131rmas\u0131nda, quru v\u0259 qaranl\u0131q yerd\u0259, 25\u00b0C-y\u0259 q\u0259d\u0259r temperaturda saxlay\u0131n. \u015e\u00fc\u015f\u0259ni dik v\u0259ziyy\u0259td\u0259, <strong><em>u\u015faqlar\u0131n \u0259li \u00e7atmayan yerd\u0259 saxlay\u0131n.<\/em><\/strong><\/p>\n<p><strong>Yararl\u0131l\u0131q m\u00fcdd\u0259ti:<\/strong> 3 il. Flakon a\u00e7\u0131ld\u0131qdan sonra spreyi 30 g\u00fcn \u0259rzind\u0259 istifad\u0259 edin.<strong>\u00a0<\/strong><\/p>\n<p><strong>Burax\u0131l\u0131\u015f v\u0259 qabla\u015fma formas\u0131: <\/strong>30 ml sprey flakonunda m\u0259hlul (t\u0259xmin\u0259n 220 doza), istifad\u0259 t\u0259limat il\u0259 birg\u0259 karton qutu qabla\u015fmada.<\/p>\n<p>&nbsp;<\/p>","protected":false},"excerpt":{"rendered":"<p>10 ild\u0259n art\u0131qd\u0131r ki, Avropa bazar\u0131nda sat\u0131lan\u00a0\u201cOto Perfect\u00ae Aqua Acida\u201d qulaq spreyi laborator t\u0259dqiqatlardan ke\u00e7\u0259r\u0259k uzun ill\u0259rdir ki, \u0259n y\u00fcks\u0259k s\u0259viyy\u0259d\u0259 m\u00fc\u015ft\u0259ril\u0259r\u0259 t\u0259qdim olunur. Oto Perfect\u00ae Aqua Acid qulaq spreyi:&hellip;<\/p>","protected":false},"featured_media":26067,"template":"","meta":[],"product_cat":[249,245],"product_tag":[],"class_list":["post-26066","product","type-product","status-publish","has-post-thumbnail","hentry","product_cat-butun-mhsullar","product_cat-lor"],"_links":{"self":[{"href":"https:\/\/himmel.az\/en\/wp-json\/wp\/v2\/product\/26066","targetHints":{"allow":["GET"]}}],"collection":[{"href":"https:\/\/himmel.az\/en\/wp-json\/wp\/v2\/product"}],"about":[{"href":"https:\/\/himmel.az\/en\/wp-json\/wp\/v2\/types\/product"}],"version-history":[{"count":7,"href":"https:\/\/himmel.az\/en\/wp-json\/wp\/v2\/product\/26066\/revisions"}],"predecessor-version":[{"id":26178,"href":"https:\/\/himmel.az\/en\/wp-json\/wp\/v2\/product\/26066\/revisions\/26178"}],"wp:featuredmedia":[{"embeddable":true,"href":"https:\/\/himmel.az\/en\/wp-json\/wp\/v2\/media\/26067"}],"wp:attachment":[{"href":"https:\/\/himmel.az\/en\/wp-json\/wp\/v2\/media?parent=26066"}],"wp:term":[{"taxonomy":"product_cat","embeddable":true,"href":"https:\/\/himmel.az\/en\/wp-json\/wp\/v2\/product_cat?post=26066"},{"taxonomy":"product_tag","embeddable":true,"href":"https:\/\/himmel.az\/en\/wp-json\/wp\/v2\/product_tag?post=26066"}],"curies":[{"name":"wp","href":"https:\/\/api.w.org\/{rel}","templated":true}]}}