{"id":26134,"date":"2025-04-28T16:25:15","date_gmt":"2025-04-28T12:25:15","guid":{"rendered":"https:\/\/himmel.az\/?post_type=product&#038;p=26134"},"modified":"2025-09-24T12:50:21","modified_gmt":"2025-09-24T08:50:21","slug":"melatosan","status":"publish","type":"product","link":"https:\/\/himmel.az\/en\/mehsul\/melatosan\/","title":{"rendered":"Melatosan\u00ae (Melatonin yuxu g\u0259tirici vasit\u0259)"},"content":{"rendered":"<p><strong>Melatosan\u00ae- <\/strong><strong style=\"font-size: 16px; letter-spacing: 0px;\" data-start=\"505\" data-end=\"566\">g\u00fcnd\u0259lik yuxu d\u0259st\u0259yi \u00fc\u00e7\u00fcn melatonin damc\u0131.<\/strong><\/p>\n<ul class=\"trx_addons_list_info trx_addons_list_success\">\n<li>Serbiya Respublikas\u0131n\u0131n uzun ill\u0259r Avropa bazar\u0131nda \u00f6z\u00fcn\u00fc do\u011frultmu\u015f keyfiyy\u0259tli istehsal\u0131.<\/li>\n<li>\u015e\u0259k\u0259rsiz v\u0259 alkoqolsuz.<\/li>\n<li>S\u00fcr\u0259tli t\u0259sir g\u00f6st\u0259r\u0259n formula.<\/li>\n<li>Xo\u015f t\u0259bii porta\u011fal dadl\u0131.<\/li>\n<li>D\u0259qiq t\u0259tbiq \u00fc\u00e7\u00fcn dozaj pompas\u0131.<\/li>\n<\/ul>\n<p>&nbsp;<\/p>\n<p><strong>Melatonin n\u0259dir?<\/strong><\/p>\n<p>Melatonin beyind\u0259 yerl\u0259\u015f\u0259n epifiz v\u0259zisi t\u0259r\u0259find\u0259n t\u0259bii \u015f\u0259kild\u0259 istehsal olunan hormondur. Bu hormon b\u0259d\u0259nin yuxu-oyanma ritminin t\u0259nziml\u0259nm\u0259sind\u0259 \u0259sas rol oynay\u0131r, orqanizm\u0259 n\u0259 zaman yatmaq, n\u0259 zaman oyanmaq vaxt\u0131n\u0131n g\u0259ldiyini bildirir. Ax\u015fam saatlar\u0131nda b\u0259d\u0259nin melatonin s\u0259viyy\u0259si t\u0259bii olaraq art\u0131r v\u0259 bu da yuxuya getm\u0259ni t\u0259\u015fviq edir. S\u0259h\u0259r saatlar\u0131nda is\u0259 i\u015f\u0131q artd\u0131qca bu s\u0259viyy\u0259 azal\u0131r. <strong>TV v\u0259 telefon ekranlar\u0131ndan yay\u0131lan mavi i\u015f\u0131q v\u0259 stress orqanizmin t\u0259bii melatonin istehsal\u0131n\u0131 azald\u0131r.<\/strong> Bu da yuxu rejiminin pozulmas\u0131na v\u0259 yuxusuzlu\u011fa s\u0259b\u0259b olur. \u018flav\u0259 olaraq q\u0259bul edil\u0259n melatonin yuxuya getm\u0259ni s\u00fcr\u0259tl\u0259ndirir v\u0259 \u00fcmumi yuxu keyfiyy\u0259ti v\u0259 m\u00fcdd\u0259tini yax\u015f\u0131la\u015fd\u0131r\u0131r (x\u00fcsusil\u0259 t\u0259bii ritm pozulduqda).<\/p>\n<p>Yuxusuzlu\u011fun \u0259sas s\u0259b\u0259bl\u0259ri:<\/p>\n<ul class=\"trx_addons_list_info trx_addons_list_success\">\n<li>Ekran i\u015f\u0131\u011f\u0131 (telefon, plan\u015fet, komp\u00fcter)<\/li>\n<li>Stress v\u0259 g\u0259rginlik<\/li>\n<li>Qeyri-sabit yuxu rejimi<\/li>\n<li>S\u0259yah\u0259t v\u0259 jet lag<\/li>\n<li>Ya\u015f artd\u0131qca b\u0259d\u0259nd\u0259 melatonin istehsal\u0131n\u0131n azalmas\u0131.<\/li>\n<\/ul>\n<p>&nbsp;<\/p>\n<p>Sublinqval (dil alt\u0131) t\u0259tbiq \u00fcsulu melatoninin qana daha s\u00fcr\u0259tli sovrulmas\u0131na imkan verir v\u0259 n\u0259tic\u0259d\u0259 yuxuya getm\u0259y\u0259 daha tez t\u0259sir g\u00f6st\u0259rir. Melatosan<strong>\u00ae <\/strong>melatonin damci\u00a0yuxu dermani f\u0259rqli olaraq t\u0259bii t\u0259rkiblidir v\u0259 \u0259ks t\u0259siri yoxdur.<\/p>\n<p><strong>\u00a0<\/strong><\/p>\n<p><strong>\u0130stifad\u0259 \u00fczr\u0259 g\u00f6st\u0259ri\u015fl\u0259r:<\/strong><\/p>\n<ul>\n<li>K\u0259skin v\u0259 ya xroniki yuxusuzluqdan \u0259ziyy\u0259t \u00e7\u0259k\u0259nl\u0259r \u00fc\u00e7\u00fcn;<\/li>\n<li>Yuxu ritmi pozulmu\u015f \u015f\u0259xsl\u0259r \u00fc\u00e7\u00fcn (n\u00f6vb\u0259li i\u015f rejimi, stress, nizams\u0131z qrafik s\u0259b\u0259bil\u0259);<\/li>\n<li>Saat qur\u015fa\u011f\u0131 f\u0259rqi olan b\u00f6lg\u0259l\u0259r\u0259 s\u0259yah\u0259t zaman\u0131 (jet lag).<\/li>\n<\/ul>\n<p>&nbsp;<\/p>\n<p><strong>\u0130stifad\u0259 qaydas\u0131 v\u0259 dozalanma:<\/strong><\/p>\n<p>B\u00f6y\u00fckl\u0259r: g\u00fcnd\u0259 bir d\u0259f\u0259 yatmazdan \u0259vv\u0259l 2 damc\u0131 dilin alt\u0131na. 2 damc\u0131da 1 mq Melatonin var. Ehtiyac olduqda 6 v\u0259 8 damc\u0131ya q\u0259d\u0259r istifad\u0259 etm\u0259k olar.<\/p>\n<p>Dig\u0259r hallarda h\u0259kim m\u0259sl\u0259h\u0259ti il\u0259 q\u0259bul oluna bil\u0259r.<\/p>\n<p>&nbsp;<\/p>\n<p><strong><em>Aptekd\u0259n burax\u0131lma \u015f\u0259rti: Reseptsiz burax\u0131l\u0131r<\/em>.<\/strong><\/p>\n<p>&nbsp;<\/p>\n<p>Bioloji Aktiv Qida M\u0259hsuludur. D\u0259rman vasit\u0259si deyildir<\/p>\n<p>Qeydiyyat n\u00f6mr\u0259si: MQ-05-000764<\/p>","protected":false},"excerpt":{"rendered":"<p>Melatosan\u00ae- g\u00fcnd\u0259lik yuxu d\u0259st\u0259yi \u00fc\u00e7\u00fcn melatonin damc\u0131. Serbiya Respublikas\u0131n\u0131n uzun ill\u0259r Avropa bazar\u0131nda \u00f6z\u00fcn\u00fc do\u011frultmu\u015f keyfiyy\u0259tli istehsal\u0131. \u015e\u0259k\u0259rsiz v\u0259 alkoqolsuz. S\u00fcr\u0259tli t\u0259sir g\u00f6st\u0259r\u0259n formula. Xo\u015f t\u0259bii porta\u011fal dadl\u0131. D\u0259qiq t\u0259tbiq&hellip;<\/p>","protected":false},"featured_media":26135,"template":"","meta":[],"product_cat":[248,249,240],"product_tag":[],"class_list":["post-26134","product","type-product","status-publish","has-post-thumbnail","hentry","product_cat-endokrinoloji","product_cat-butun-mhsullar","product_cat-nevroloji"],"_links":{"self":[{"href":"https:\/\/himmel.az\/en\/wp-json\/wp\/v2\/product\/26134","targetHints":{"allow":["GET"]}}],"collection":[{"href":"https:\/\/himmel.az\/en\/wp-json\/wp\/v2\/product"}],"about":[{"href":"https:\/\/himmel.az\/en\/wp-json\/wp\/v2\/types\/product"}],"version-history":[{"count":6,"href":"https:\/\/himmel.az\/en\/wp-json\/wp\/v2\/product\/26134\/revisions"}],"predecessor-version":[{"id":26175,"href":"https:\/\/himmel.az\/en\/wp-json\/wp\/v2\/product\/26134\/revisions\/26175"}],"wp:featuredmedia":[{"embeddable":true,"href":"https:\/\/himmel.az\/en\/wp-json\/wp\/v2\/media\/26135"}],"wp:attachment":[{"href":"https:\/\/himmel.az\/en\/wp-json\/wp\/v2\/media?parent=26134"}],"wp:term":[{"taxonomy":"product_cat","embeddable":true,"href":"https:\/\/himmel.az\/en\/wp-json\/wp\/v2\/product_cat?post=26134"},{"taxonomy":"product_tag","embeddable":true,"href":"https:\/\/himmel.az\/en\/wp-json\/wp\/v2\/product_tag?post=26134"}],"curies":[{"name":"wp","href":"https:\/\/api.w.org\/{rel}","templated":true}]}}