{"id":26160,"date":"2025-09-22T15:44:58","date_gmt":"2025-09-22T11:44:58","guid":{"rendered":"https:\/\/himmel.az\/?post_type=product&#038;p=26160"},"modified":"2025-10-30T11:04:13","modified_gmt":"2025-10-30T07:04:13","slug":"fixsin-burun-v%c9%99-sinus-yuma-d%c9%99sti","status":"publish","type":"product","link":"https:\/\/himmel.az\/en\/mehsul\/fixsin-burun-v%c9%99-sinus-yuma-d%c9%99sti\/","title":{"rendered":"Fixsin\u00ae (Burun v\u0259 sinus yuma d\u0259sti)"},"content":{"rendered":"<p><strong>Avropa bazar\u0131nda sat\u0131lan <\/strong><strong>Fixsin\u00ae <\/strong><strong>burun v\u0259 sinus yuma d\u0259sti \u0259n y\u00fcks\u0259k s\u0259viyy\u0259d\u0259 m\u00fc\u015ft\u0259ril\u0259r\u0259 t\u0259qdim olunur.<\/strong><\/p>\n<p><strong>100% Sodium Chloride Ph. Eur. (Avropa <\/strong><strong>Farmakopeyas\u0131)<\/strong><\/p>\n<p><strong>Fixsin\u00ae <\/strong>yuma d\u0259sti <strong>100% Natrium Xlorid <\/strong>il\u0259 z\u0259nginl\u0259\u015fdirilmi\u015f <strong>izotonik d\u0259niz duzu<\/strong> m\u0259hluludur.<\/p>\n<p>T\u0259rkibind\u0259 \u0130zotonik d\u0259niz duzu olan <strong>Fixsin<\/strong> yuma d\u0259sti Mukosiliar transportu aktivl\u0259\u015fdirir. Burun epiteli h\u00fcceyr\u0259l\u0259rinin sirkulyasiyas\u0131n\u0131 yax\u015f\u0131la\u015fd\u0131r\u0131r v\u0259 mukozan\u0131n t\u0259mizl\u0259nm\u0259sini s\u00fcr\u0259tl\u0259ndirir. Burun bo\u015flu\u011funu selikd\u0259n, allergen v\u0259 mikroorqanizml\u0259rd\u0259n t\u0259mizl\u0259yir. Selikli qi\u015fan\u0131n n\u0259ml\u0259nm\u0259sini v\u0259 funksional v\u0259ziyy\u0259tini b\u0259rpa edir. Burun t\u0131xan\u0131ql\u0131\u011f\u0131n\u0131 azald\u0131r, n\u0259f\u0259s alman\u0131 asanla\u015fd\u0131r\u0131r. Sinuslar\u0131n drenaj\u0131n\u0131 yax\u015f\u0131la\u015fd\u0131raraq iltihab riskini azald\u0131r. X\u00fcsusil\u0259 quru v\u0259 ya q\u0131c\u0131qlanm\u0131\u015f burun toxumalar\u0131na rahatl\u0131q verir v\u0259 burun \u0259m\u0259liyyatlar\u0131ndan sonra toxumalar\u0131n b\u0259rpas\u0131na k\u00f6m\u0259k edir.<\/p>\n<p><strong>Fixsin\u00ae <\/strong>yuma d\u0259stinin\u00a0istifad\u0259 sah\u0259l\u0259ri:<\/p>\n<ol>\n<li><strong>\u018fm\u0259liyyatdan sonrak\u0131 qulluq: <\/strong>Rinoplastika, septoplastika v\u0259 ya dig\u0259r burun \u0259m\u0259liyyatlar\u0131ndan sonra burun toxumalar\u0131 h\u0259ssas olur. \u0130zotonik d\u0259niz suyu burun ke\u00e7idl\u0259rini t\u0259miz saxlay\u0131r v\u0259 toxumalar\u0131n sa\u011falmas\u0131n\u0131 d\u0259st\u0259kl\u0259y\u0259r\u0259k burundaxili toxumalar\u0131n s\u00fcr\u0259tli b\u0259rpas\u0131na k\u00f6m\u0259k edir.<\/li>\n<\/ol>\n<ol start=\"2\">\n<li><strong>Rinit v\u0259 rinosinusitl\u0259rd\u0259<\/strong><strong>: <\/strong><\/li>\n<\/ol>\n<ul>\n<li><strong>Allergik rinit<\/strong> \u2013 allergenl\u0259rin (toz, polen, heyvan t\u00fckl\u0259ri v\u0259 s.) mexaniki t\u0259mizl\u0259nm\u0259si.<\/li>\n<li><strong>K\u0259skin rinit (z\u00f6k\u0259m)<\/strong> \u2013 virus m\u0259n\u015f\u0259li soyuqd\u0259ym\u0259 zaman\u0131 burun t\u0131xan\u0131ql\u0131\u011f\u0131n\u0131 v\u0259 sekresiyan\u0131n azalmas\u0131na k\u00f6m\u0259k edir.<\/li>\n<li><strong>Xroniki rinosinusit v\u0259 haymorit<\/strong> \u2013 sinuslar\u0131n drenaj\u0131n\u0131 yax\u015f\u0131la\u015fd\u0131r\u0131r, selik ifraz\u0131n\u0131 azald\u0131r v\u0259 antibiotik m\u00fcalic\u0259sini d\u0259st\u0259kl\u0259yir.<\/li>\n<\/ul>\n<ol start=\"3\">\n<li><strong>Burunun selikli qi\u015fas\u0131n\u0131n n\u0259ml\u0259ndirilm\u0259si v\u0259 t\u0259mizl\u0259nm\u0259si: <\/strong>\u0130zotonik d\u0259niz suyu t\u0259bii olaraq burun mukozas\u0131n\u0131 n\u0259ml\u0259ndirir v\u0259 selik, allergen v\u0259 toz kimi madd\u0259l\u0259rin t\u0259mizl\u0259nm\u0259sin\u0259 k\u00f6m\u0259k edir. H\u0259m\u00e7inin burun mukozas\u0131n\u0131 b\u0259rpa edir v\u0259 onun n\u0259m s\u0259viyy\u0259sini saxlay\u0131r. Quru hava, kondisioner, tozlu m\u00fchit v\u0259 ya soyuq hava kimi amill\u0259r burunun selikli qi\u015fas\u0131n\u0131 quruda bil\u0259r. <strong style=\"font-size: 16px; letter-spacing: 0px;\">Fixsin<\/strong><span style=\"font-size: 16px; letter-spacing: 0px;\"> burunun selikli qi\u015fas\u0131n\u0131 n\u0259ml\u0259ndir\u0259r\u0259k qurulu\u011fun qar\u015f\u0131s\u0131n\u0131 al\u0131r v\u0259 burnun i\u00e7ini sa\u011flam saxlama\u011fa k\u00f6m\u0259k edir.<\/span><\/li>\n<\/ol>\n<ol start=\"4\">\n<li><strong>Soyuqd\u0259ym\u0259 v\u0259 Sinusit zaman\u0131 d\u0259st\u0259k: <\/strong>Soyuqd\u0259ym\u0259 v\u0259 sinusit zaman\u0131 burun tutulmas\u0131, quruluq v\u0259 qab\u0131qlanma kimi probleml\u0259r yarana bil\u0259r. \u0130zotonik d\u0259niz suyu burnun i\u00e7ini t\u0259mizl\u0259y\u0259r\u0259k iltihab\u0131 aradan qald\u0131r\u0131r v\u0259 sa\u011falma prosesini s\u00fcr\u0259tl\u0259ndirir.<\/li>\n<\/ol>\n<ol start=\"5\">\n<li><strong>Burunun selikli qi\u015fas\u0131n\u0131n qurulu\u011funun v\u0259 burun daxili qab\u0131qlanman\u0131n m\u00fcalic\u0259si:<\/strong> \u0130zotonik d\u0259niz suyu burunun qab\u0131qlanman\u0131n qar\u015f\u0131s\u0131n\u0131 al\u0131r v\u0259 burnun i\u00e7ini yum\u015faq bir \u015f\u0259kild\u0259 t\u0259mizl\u0259yir. X\u00fcsusil\u0259 uzun m\u00fcdd\u0259tli burun t\u0131xan\u0131ql\u0131\u011f\u0131 v\u0259 t\u0259n\u0259ff\u00fcs \u00e7\u0259tinliyi olan x\u0259st\u0259l\u0259rd\u0259 t\u0259sirli olur.<\/li>\n<\/ol>\n<p><strong>\u00a0<\/strong><\/p>\n<p><strong>G\u00f6st\u0259ri\u015fl\u0259r:<\/strong><\/p>\n<ul>\n<li>G\u00fcnd\u0259lik burun gigiyenas\u0131 \u00fc\u00e7\u00fcn;<\/li>\n<li>Z\u0259d\u0259l\u0259nmi\u015f selikli qi\u015fan\u0131n epitelizasiyas\u0131n\u0131 t\u0259min etm\u0259k \u00fc\u00e7\u00fcn (vazokonstriktorlar\u0131n istifad\u0259sind\u0259n sonra);<\/li>\n<li>\u018fm\u0259liyyatdan sonra selikli qi\u015fan\u0131n epitelizasiyas\u0131n\u0131 t\u0259min etm\u0259k \u00fc\u00e7\u00fcn;<\/li>\n<li>T\u0259n\u0259ff\u00fcs yollar\u0131n\u0131n t\u0131xanmas\u0131 zaman\u0131, virus m\u0259n\u015f\u0259li soyuqd\u0259ym\u0259l\u0259rd\u0259 v\u0259 allergik asq\u0131rmalarda;<\/li>\n<li>Normal fizioloji funksiyas\u0131 pozulmu\u015f selikli qi\u015fan\u0131n qurumas\u0131 v\u0259 q\u0131c\u0131qlanmas\u0131 zaman\u0131;<\/li>\n<li>M\u0259rk\u0259zi istilik v\u0259 ya kondisionerli otaqlarda qald\u0131qda burun bo\u015flu\u011funun qurumas\u0131 zaman\u0131;<\/li>\n<\/ul>\n<p><strong>\u0130stifad\u0259 qaydas\u0131:<\/strong><\/p>\n<p><strong>B\u00f6y\u00fckl\u0259r v\u0259 4 ya\u015fdan yuxar\u0131 u\u015faqlar:<\/strong> G\u00fcnd\u0259 1-2 d\u0259f\u0259.<\/p>\n<p>Fixsin istifad\u0259 qaydas\u0131:<\/p>\n<ul>\n<li>Paketd\u0259ki tozu butulkaya bo\u015fald\u0131n<\/li>\n<li>Butulkan\u0131 qaynda\u0131lm\u0131\u015f (b\u0259d\u0259n temperaturunda olan) su il\u0259 240ml x\u0259ttin\u0259 q\u0259d\u0259r doldurun<\/li>\n<li>Butulkan\u0131n qapa\u011f\u0131n\u0131 m\u00f6hk\u0259m ba\u011flay\u0131n v\u0259 tozun suda tam h\u0259ll olunana q\u0259d\u0259r \u00e7alxalay\u0131n<\/li>\n<li>Butulkan\u0131n ucunu burun d\u0259liyin\u0259 yax\u0131nla\u015fd\u0131r\u0131n. A\u011f\u0131zla n\u0259f\u0259s al\u0131n<\/li>\n<li>Butulkan\u0131 yum\u015faq \u015f\u0259kild\u0259 s\u0131xaraq m\u0259hlulun davaml\u0131 ax\u0131nla buruna daxil olmas\u0131n\u0131 v\u0259 dig\u0259r burun d\u0259liyind\u0259n \u00e7\u0131xmas\u0131n\u0131 t\u0259min edin.<\/li>\n<li>Yuyulman\u0131 dig\u0259r burun d\u0259liyin\u0259 eyni qayda il\u0259 t\u0259krarlay\u0131n.<\/li>\n<li>M\u0259hlulu udmay\u0131n.<\/li>\n<li>Yuyulma tamamland\u0131qdan sonra burunu yum\u015faq \u015f\u0259kild\u0259 t\u0259mizl\u0259yin.<\/li>\n<li>Art\u0131q qalm\u0131\u015f m\u0259hlulu at\u0131n.<\/li>\n<\/ul>\n<p><strong>Fixsin\u00ae<\/strong> yuma d\u0259sti h\u0259m u\u015faqlar, h\u0259m d\u0259 b\u00f6y\u00fckl\u0259rin istifad\u0259si \u00fc\u00e7\u00fcn uy\u011fundur. <strong>Hamil\u0259lik v\u0259 laktasiya d\u00f6vr\u00fcnd\u0259 istifad\u0259 zaman\u0131 m\u0259hsulun he\u00e7 bir yan t\u0259siri qeyd\u0259 al\u0131nmam\u0131\u015fd\u0131r.<\/strong><\/p>\n<p><strong>Burax\u0131l\u0131\u015f formas\u0131:<\/strong> 240ml-lik butulka v\u0259 \u211615 sa\u015fed\u0259 toz. \u0130stifad\u0259 t\u0259limat\u0131 il\u0259 birg\u0259, karton qutu qabla\u015fmada.<\/p>\n<p><strong>T\u0259rkibi:<\/strong> 1 sa\u015fed\u0259 2.15q natrium xlorid (0.9%\u00a0 m\u00f6vcuddur. (Isotonic 0.9% Sodium chloride).<\/p>\n<p><strong>\u0130stehsal\u00e7\u0131: <\/strong>Solinea Sp. z.o.o. Elizowka 21-003 Ciecierzyn, Pol\u015fa Respublikas\u0131.<\/p>\n<p><strong>Qeydiyyat \u2116 <\/strong>\u00a0613\/25 (Tarix:27.08.2025)<\/p>","protected":false},"excerpt":{"rendered":"<p>Avropa bazar\u0131nda sat\u0131lan Fixsin\u00ae burun v\u0259 sinus yuma d\u0259sti \u0259n y\u00fcks\u0259k s\u0259viyy\u0259d\u0259 m\u00fc\u015ft\u0259ril\u0259r\u0259 t\u0259qdim olunur. 100% Sodium Chloride Ph. Eur. (Avropa Farmakopeyas\u0131) Fixsin\u00ae yuma d\u0259sti 100% Natrium Xlorid il\u0259 z\u0259nginl\u0259\u015fdirilmi\u015f&hellip;<\/p>","protected":false},"featured_media":26161,"template":"","meta":[],"product_cat":[249,245],"product_tag":[],"class_list":["post-26160","product","type-product","status-publish","has-post-thumbnail","hentry","product_cat-butun-mhsullar","product_cat-lor"],"_links":{"self":[{"href":"https:\/\/himmel.az\/en\/wp-json\/wp\/v2\/product\/26160","targetHints":{"allow":["GET"]}}],"collection":[{"href":"https:\/\/himmel.az\/en\/wp-json\/wp\/v2\/product"}],"about":[{"href":"https:\/\/himmel.az\/en\/wp-json\/wp\/v2\/types\/product"}],"version-history":[{"count":4,"href":"https:\/\/himmel.az\/en\/wp-json\/wp\/v2\/product\/26160\/revisions"}],"predecessor-version":[{"id":26172,"href":"https:\/\/himmel.az\/en\/wp-json\/wp\/v2\/product\/26160\/revisions\/26172"}],"wp:featuredmedia":[{"embeddable":true,"href":"https:\/\/himmel.az\/en\/wp-json\/wp\/v2\/media\/26161"}],"wp:attachment":[{"href":"https:\/\/himmel.az\/en\/wp-json\/wp\/v2\/media?parent=26160"}],"wp:term":[{"taxonomy":"product_cat","embeddable":true,"href":"https:\/\/himmel.az\/en\/wp-json\/wp\/v2\/product_cat?post=26160"},{"taxonomy":"product_tag","embeddable":true,"href":"https:\/\/himmel.az\/en\/wp-json\/wp\/v2\/product_tag?post=26160"}],"curies":[{"name":"wp","href":"https:\/\/api.w.org\/{rel}","templated":true}]}}