{"id":26190,"date":"2026-01-15T15:57:48","date_gmt":"2026-01-15T11:57:48","guid":{"rendered":"https:\/\/himmel.az\/?post_type=product&#038;p=26190"},"modified":"2026-01-15T16:37:01","modified_gmt":"2026-01-15T12:37:01","slug":"propomintivy-oskur%c9%99k-%c9%99leyhin%c9%99-sirop","status":"publish","type":"product","link":"https:\/\/himmel.az\/en\/mehsul\/propomintivy-oskur%c9%99k-%c9%99leyhin%c9%99-sirop\/","title":{"rendered":"Propomint\u00aeIVY (\u00d6sk\u00fcr\u0259k \u0259leyhin\u0259 sirop)"},"content":{"rendered":"<p><strong>10 ild\u0259n art\u0131qd\u0131r ki, Avropa bazar\u0131nda sat\u0131lan\u00a0<\/strong><strong>\u201cPropomint\u201d \u00f6sk\u00fcr\u0259k siropu<\/strong><strong>\u00a0laborator t\u0259dqiqatlardan ke\u00e7\u0259r\u0259k uzun ill\u0259rdir ki, \u0259n y\u00fcks\u0259k s\u0259viyy\u0259d\u0259 m\u00fc\u015ft\u0259ril\u0259r\u0259 t\u0259qdim olunur.<\/strong><\/p>\n<p><strong>Propomint\u00ae sirop<\/strong> \u2013 t\u0259bii m\u0259n\u015f\u0259li aktiv madd\u0259l\u0259rin birl\u0259\u015fm\u0259si \u0259sas\u0131nda haz\u0131rlanm\u0131\u015fd\u0131r. T\u0259rkibind\u0259 standartla\u015fd\u0131r\u0131lm\u0131\u015f propolis ekstrakt\u0131, sarma\u015f\u0131q (Ivy) v\u0259 k\u0259klikotu (Thymus) ekstraktlar\u0131, el\u0259c\u0259 d\u0259 C vitamini v\u0259 Bal (Honey) m\u00f6vcuddur. Bu komponentl\u0259r birlikd\u0259 orqanizmin m\u00fcdafi\u0259 qabiliyy\u0259tini art\u0131r\u0131r, t\u0259n\u0259ff\u00fcs yollar\u0131n\u0131 z\u0259r\u0259rli mikroorqanizml\u0259rd\u0259n qoruyur v\u0259 \u00f6sk\u00fcr\u0259yi y\u00fcng\u00fcll\u0259\u015fdirir.<\/p>\n<p><strong>T\u0259rkibi:<\/strong><\/p>\n<ul>\n<li>Standartla\u015fd\u0131r\u0131lm\u0131\u015f Propolis Ekstrakt\u0131 \u2013 t\u0259bii antibakterial v\u0259 antiviral x\u00fcsusiyy\u0259tl\u0259r\u0259 malikdir, bo\u011faz v\u0259 t\u0259n\u0259ff\u00fcs yollar\u0131n\u0131 qoruyur.<\/li>\n<li>Sarma\u015f\u0131q (Ivy) Ekstrakt\u0131 \u2013 b\u0259l\u011f\u0259mg\u0259tirici v\u0259 yum\u015fald\u0131c\u0131 t\u0259sir g\u00f6st\u0259rir, \u00f6sk\u00fcr\u0259yi azald\u0131r<\/li>\n<li>K\u0259klikotu (Thyme) Ekstrakt\u0131 \u2013 t\u0259n\u0259ff\u00fcs yollar\u0131n\u0131n iltihab\u0131n\u0131 azald\u0131r, n\u0259f\u0259s alman\u0131 rahatla\u015fd\u0131r\u0131r.<\/li>\n<li>Vitamin C \u2013 immun sistemini g\u00fccl\u0259ndirir, antioksidant t\u0259sir g\u00f6st\u0259rir v\u0259 orqanizmin b\u0259rpa prosesini d\u0259st\u0259kl\u0259yir.<\/li>\n<li>Bal (Honey) \u2013 bo\u011faz selikli qi\u015fas\u0131n\u0131 \u00f6rt\u0259r\u0259k onu yum\u015fald\u0131r, q\u0131c\u0131qlanman\u0131 azald\u0131r, t\u0259bii antiseptik t\u0259sir g\u00f6st\u0259rir v\u0259 xo\u015f dad\u0131 il\u0259 q\u0259bulunu asanla\u015fd\u0131r\u0131r.<\/li>\n<\/ul>\n<p><strong>G\u00f6st\u0259ri\u015fl\u0259r:<\/strong><br \/>\n\ud83d\udcccT\u0259n\u0259ff\u00fcs yollar\u0131n\u0131n iltihab\u0131, \u00f6sk\u00fcr\u0259k v\u0259 bo\u011faz a\u011fr\u0131s\u0131 zaman\u0131;<br \/>\n\ud83d\udcccSoyuqd\u0259ym\u0259 v\u0259 m\u00f6vs\u00fcmi infeksiyalar\u0131n qar\u015f\u0131s\u0131n\u0131 almaq \u00fc\u00e7\u00fcn;<br \/>\n\ud83d\udcccBo\u011faz\u0131n qurulu\u011fu, q\u0131c\u0131qlanmas\u0131 v\u0259 s\u0259s tutulmas\u0131 hallar\u0131nda;<br \/>\n\ud83d\udcccA\u015fa\u011f\u0131 v\u0259 yuxar\u0131 t\u0259n\u0259ff\u00fcs yollar\u0131n\u0131n t\u0259mizl\u0259nm\u0259sini v\u0259 selik ifraz\u0131n\u0131 asanla\u015fd\u0131rmaq \u00fc\u00e7\u00fcn;<br \/>\n\ud83d\udccc\u0130mmun sistemin m\u00f6hk\u0259ml\u0259ndirilm\u0259si m\u0259qs\u0259dil\u0259.<\/p>\n<p><strong>T\u0259sir mexanizmi:<\/strong><br \/>\nPropolis ekstrakt\u0131 t\u0259bii flavonoidl\u0259r v\u0259 fenolik birl\u0259\u015fm\u0259l\u0259rl\u0259 z\u0259ngindir. Bu madd\u0259l\u0259r bakteriyalar\u0131n \u00e7oxalmas\u0131n\u0131 \u0259ng\u0259ll\u0259yir, selikli qi\u015fada qoruyucu t\u0259b\u0259q\u0259 yarad\u0131r v\u0259 mikroblar\u0131n yap\u0131\u015fmas\u0131n\u0131 azald\u0131r. Sarma\u015f\u0131q ekstrakt\u0131 bronxial sekresiyan\u0131 art\u0131raraq b\u0259l\u011f\u0259min \u00e7\u0131xmas\u0131n\u0131 asanla\u015fd\u0131r\u0131r, \u00f6sk\u00fcr\u0259k refleksini yum\u015fald\u0131r. K\u0259klikotu ekstrakt\u0131 t\u0259rkibind\u0259ki timol v\u0259 karvakrol say\u0259sind\u0259 g\u00fccl\u00fc antiseptik v\u0259 spazmolitik t\u0259sir g\u00f6st\u0259rir. Bal selikli qi\u015fa \u00fcz\u0259rind\u0259 qoruyucu v\u0259 n\u0259ml\u0259ndirici t\u0259b\u0259q\u0259 yarad\u0131r, bo\u011fazdak\u0131 q\u0131c\u0131qlanman\u0131 azald\u0131r v\u0259 s\u0259sin b\u0259rpas\u0131n\u0131 asanla\u015fd\u0131r\u0131r. T\u0259rkibind\u0259ki t\u0259bii fermentl\u0259r v\u0259 antioksidantlar bakterial aktivliyi azald\u0131r, t\u0259bii \u015f\u0259fa prosesini s\u00fcr\u0259tl\u0259ndirir. Vitamin C is\u0259 antioksidant mexanizml\u0259 h\u00fcceyr\u0259 m\u00fcdafi\u0259sini g\u00fccl\u0259ndirir, infeksiya zaman\u0131 yaranan s\u0259rb\u0259st radikallar\u0131 z\u0259r\u0259rsizl\u0259\u015fdirir v\u0259 b\u0259rpan\u0131 s\u00fcr\u0259tl\u0259ndirir.<\/p>\n<p><strong>\u0130stifad\u0259 qaydas\u0131:<\/strong><br \/>\n6-12 ya\u015faras\u0131 u\u015faqlar 5ml (1 \u00e7ay qa\u015f\u0131\u011f\u0131) g\u00fcnd\u0259 3 d\u0259f\u0259;<br \/>\n12 ya\u015fdan yuxar\u0131 u\u015faqlar v\u0259 b\u00f6y\u00fckl\u0259r 15ml (yem\u0259k qa\u015f\u0131\u011f\u0131) g\u00fcnd\u0259 3 d\u0259f\u0259.<\/p>\n<p>&nbsp;<\/p>\n<p>Bioloji Aktiv Qida M\u0259hsuludur. D\u0259rman vasit\u0259si deyildir<\/p>\n<p>Qeydiyyat n\u00f6mr\u0259si: MQ-05-001551<\/p>","protected":false},"excerpt":{"rendered":"<p>10 ild\u0259n art\u0131qd\u0131r ki, Avropa bazar\u0131nda sat\u0131lan\u00a0\u201cPropomint\u201d \u00f6sk\u00fcr\u0259k siropu\u00a0laborator t\u0259dqiqatlardan ke\u00e7\u0259r\u0259k uzun ill\u0259rdir ki, \u0259n y\u00fcks\u0259k s\u0259viyy\u0259d\u0259 m\u00fc\u015ft\u0259ril\u0259r\u0259 t\u0259qdim olunur. Propomint\u00ae sirop \u2013 t\u0259bii m\u0259n\u015f\u0259li aktiv madd\u0259l\u0259rin birl\u0259\u015fm\u0259si \u0259sas\u0131nda haz\u0131rlanm\u0131\u015fd\u0131r.&hellip;<\/p>","protected":false},"featured_media":26191,"template":"","meta":[],"product_cat":[249,245,242,239],"product_tag":[],"class_list":["post-26190","product","type-product","status-publish","has-post-thumbnail","hentry","product_cat-butun-mhsullar","product_cat-lor","product_cat-pediatirik","product_cat-terapevtik"],"_links":{"self":[{"href":"https:\/\/himmel.az\/en\/wp-json\/wp\/v2\/product\/26190","targetHints":{"allow":["GET"]}}],"collection":[{"href":"https:\/\/himmel.az\/en\/wp-json\/wp\/v2\/product"}],"about":[{"href":"https:\/\/himmel.az\/en\/wp-json\/wp\/v2\/types\/product"}],"version-history":[{"count":1,"href":"https:\/\/himmel.az\/en\/wp-json\/wp\/v2\/product\/26190\/revisions"}],"predecessor-version":[{"id":26192,"href":"https:\/\/himmel.az\/en\/wp-json\/wp\/v2\/product\/26190\/revisions\/26192"}],"wp:featuredmedia":[{"embeddable":true,"href":"https:\/\/himmel.az\/en\/wp-json\/wp\/v2\/media\/26191"}],"wp:attachment":[{"href":"https:\/\/himmel.az\/en\/wp-json\/wp\/v2\/media?parent=26190"}],"wp:term":[{"taxonomy":"product_cat","embeddable":true,"href":"https:\/\/himmel.az\/en\/wp-json\/wp\/v2\/product_cat?post=26190"},{"taxonomy":"product_tag","embeddable":true,"href":"https:\/\/himmel.az\/en\/wp-json\/wp\/v2\/product_tag?post=26190"}],"curies":[{"name":"wp","href":"https:\/\/api.w.org\/{rel}","templated":true}]}}